{"id":1068,"date":"2025-01-13T21:13:54","date_gmt":"2025-01-13T20:13:54","guid":{"rendered":"http:\/\/www.straniknj.cz\/?page_id=1068"},"modified":"2025-01-20T11:12:12","modified_gmt":"2025-01-20T10:12:12","slug":"home-2","status":"publish","type":"page","link":"https:\/\/www.straniknj.cz\/","title":{"rendered":"Home"},"content":{"rendered":"\n<div class=\"wp-block-uagb-container uagb-block-a1fd1922 alignfull uagb-is-root-container\"><div class=\"uagb-container-inner-blocks-wrap\">\n<div class=\"wp-block-uagb-info-box uagb-block-f4da5f8d uagb-infobox__content-wrap  uagb-infobox-icon-above-title uagb-infobox-image-valign-top wp-block-uagb-info-box--has-margin\"><div class=\"uagb-infobox-margin-wrapper\"><div class=\"uagb-ifb-content\"><div class=\"uagb-ifb-title-wrap\"><div class=\"uagb-ifb-separator\"><\/div><h1 class=\"uagb-ifb-title\">Objevte kouzlo Stran\u00edku<\/h1><\/div><p class=\"uagb-ifb-desc\">Malebn\u00e1 vesnice uvnit\u0159 Moravskoslezsk\u00e9ho kraje.<\/p><div class=\"uagb-ifb-button-wrapper wp-block-button\"><a href=\"https:\/\/www.straniknj.cz\/?page_id=181\" class=\"uagb-infobox-cta-link wp-block-button__link\" target=\"_self\" rel=\"noopener noreferrer\" onclick=\"return true;\"><span class=\"uagb-inline-editing\">Zjistit v\u00edce<\/span><\/a><\/div><\/div><\/div><\/div>\n<\/div><\/div>\n\n\n\n<div class=\"wp-block-uagb-container uagb-layout-grid uagb-block-1a79b78c alignfull uagb-is-root-container\"><div class=\"uagb-container-inner-blocks-wrap\">\n<div class=\"wp-block-uagb-info-box uagb-block-fa8a945d uagb-infobox__content-wrap  uagb-infobox-icon-above-title uagb-infobox-image-valign-top wp-block-uagb-info-box--has-margin\"><div class=\"uagb-infobox-margin-wrapper\"><div class=\"uagb-ifb-content\"><div class=\"uagb-ifb-title-wrap\"><h2 class=\"uagb-ifb-title\">Aktuality<\/h2><\/div><p class=\"uagb-ifb-desc\">Na\u0161e hlavn\u00ed nab\u00eddka pro v\u00e1s<\/p><div class=\"uagb-ifb-button-wrapper wp-block-button\"><a href=\"https:\/\/www.straniknj.cz\/?page_id=1275\" class=\"uagb-infobox-cta-link wp-block-button__link\" target=\"_self\" rel=\"noopener noreferrer\" onclick=\"return true;\"><span class=\"uagb-inline-editing\">Zobrazit v\u0161e<\/span><\/a><\/div><\/div><\/div><\/div>\n\n\n\n<div class=\"wp-block-uagb-container uagb-layout-flex uagb-block-4a27648e\">\n<div class=\"wp-block-uagb-container uagb-block-1ef670ff\">\n<div data-aos= \"fade-down\" data-aos-duration=\"400\" data-aos-delay=\"0\" data-aos-easing=\"ease\" data-aos-once=\"true\" class=\"wp-block-uagb-container uagb-layout-flex uagb-block-d12283fe\">\n\t\t\t<div class=\"wp-block-uagb-post-grid uagb-post-grid  uagb-post__image-position-background uagb-post__image-enabled uagb-block-5b7cfa99     uagb-post__items uagb-post__columns-3 is-grid uagb-post__columns-tablet-2 uagb-post__columns-mobile-1 uagb-post__equal-height\" data-total=\"36\" style=\"\">\n\n\t\t\t\t\t\t\t\t\t\t\t\t<article class=\"uagb-post__inner-wrap\">\t\t\t\t\t\t\t\t<h4 class=\"uagb-post__title uagb-post__text\">\n\t\t\t\t<a href=\"https:\/\/www.straniknj.cz\/?p=1616\" target=\"_self\" rel=\"bookmark noopener noreferrer\">Rekonstrukce vodojemu ve Stran\u00edku<\/a>\n\t\t\t<\/h4>\n\t\t\t\t\t\t<div class='uagb-post__text uagb-post-grid-byline'>\n\t\t\t\t\t\t\t\t<time datetime=\"2026-05-07T18:18:20+02:00\" class=\"uagb-post__date\">\n\t\t\t\t\t\t\t\t\t7. 5. 2026\t\t\t\t<\/time>\n\t\t\t\t\t\t<\/div>\n\t\t\t\t\t\t<div class=\"uagb-post__text uagb-post__cta wp-block-button\">\n\t\t\t\t<a class=\"wp-block-button__link uagb-text-link\" style=\"\" href=\"https:\/\/www.straniknj.cz\/?p=1616\" target=\"_self\" rel=\"bookmark noopener noreferrer\">\u010c\u00edst v\u00edce<\/a>\n\t\t\t<\/div>\n\t\t\t\t\t\t<div class='uagb-post__image'>\n\t\t\t\t\t\t\t\t\t<a href=\"https:\/\/www.straniknj.cz\/?p=1616\" target=\"_self\" rel=\"bookmark noopener noreferrer\"><img fetchpriority=\"high\" decoding=\"async\" width=\"1024\" height=\"1029\" src=\"https:\/\/www.straniknj.cz\/wp-content\/uploads\/2026\/05\/oprava-vodovodu_www.png\" class=\"attachment-1536x1536 size-1536x1536\" alt=\"\" srcset=\"https:\/\/www.straniknj.cz\/wp-content\/uploads\/2026\/05\/oprava-vodovodu_www.png 1024w, https:\/\/www.straniknj.cz\/wp-content\/uploads\/2026\/05\/oprava-vodovodu_www-300x300.png 300w, https:\/\/www.straniknj.cz\/wp-content\/uploads\/2026\/05\/oprava-vodovodu_www-1019x1024.png 1019w, https:\/\/www.straniknj.cz\/wp-content\/uploads\/2026\/05\/oprava-vodovodu_www-150x150.png 150w, https:\/\/www.straniknj.cz\/wp-content\/uploads\/2026\/05\/oprava-vodovodu_www-768x772.png 768w\" sizes=\"(max-width: 1024px) 100vw, 1024px\" \/>\t\t\t\t\t<\/a>\n\t\t\t\t\t\t\t\t\t<\/div>\n\t\t\t\n\t\t\t\t\t\t\t\t<a class=\"uagb-post__link-complete-box\" href=\"https:\/\/www.straniknj.cz\/?p=1616\" target=\"_self\" rel=\"bookmark noopener noreferrer\"><\/a>\n\t\t\t\t\t\t\t<\/article>\n\t\t\t\t\t\t\t\t\t\t\t\t\t\t\t\t<article class=\"uagb-post__inner-wrap\">\t\t\t\t\t\t\t\t<h4 class=\"uagb-post__title uagb-post__text\">\n\t\t\t\t<a href=\"https:\/\/www.straniknj.cz\/?p=1609\" target=\"_self\" rel=\"bookmark noopener noreferrer\">Stranick\u00fd t\u00e1bor\u00e1k<\/a>\n\t\t\t<\/h4>\n\t\t\t\t\t\t<div class='uagb-post__text uagb-post-grid-byline'>\n\t\t\t\t\t\t\t\t<time datetime=\"2026-04-11T13:01:37+02:00\" class=\"uagb-post__date\">\n\t\t\t\t\t\t\t\t\t11. 4. 2026\t\t\t\t<\/time>\n\t\t\t\t\t\t<\/div>\n\t\t\t\t\t\t<div class=\"uagb-post__text uagb-post__cta wp-block-button\">\n\t\t\t\t<a class=\"wp-block-button__link uagb-text-link\" style=\"\" href=\"https:\/\/www.straniknj.cz\/?p=1609\" target=\"_self\" rel=\"bookmark noopener noreferrer\">\u010c\u00edst v\u00edce<\/a>\n\t\t\t<\/div>\n\t\t\t\t\t\t<div class='uagb-post__image'>\n\t\t\t\t\t\t\t\t\t<a href=\"https:\/\/www.straniknj.cz\/?p=1609\" target=\"_self\" rel=\"bookmark noopener noreferrer\"><img decoding=\"async\" width=\"1086\" height=\"1536\" src=\"https:\/\/www.straniknj.cz\/wp-content\/uploads\/2026\/04\/Taborak-compress-1086x1536.png\" class=\"attachment-1536x1536 size-1536x1536\" alt=\"\" srcset=\"https:\/\/www.straniknj.cz\/wp-content\/uploads\/2026\/04\/Taborak-compress-1086x1536.png 1086w, https:\/\/www.straniknj.cz\/wp-content\/uploads\/2026\/04\/Taborak-compress-212x300.png 212w, https:\/\/www.straniknj.cz\/wp-content\/uploads\/2026\/04\/Taborak-compress-724x1024.png 724w, https:\/\/www.straniknj.cz\/wp-content\/uploads\/2026\/04\/Taborak-compress-106x150.png 106w, https:\/\/www.straniknj.cz\/wp-content\/uploads\/2026\/04\/Taborak-compress-768x1086.png 768w, https:\/\/www.straniknj.cz\/wp-content\/uploads\/2026\/04\/Taborak-compress.png 1414w\" sizes=\"(max-width: 1086px) 100vw, 1086px\" \/>\t\t\t\t\t<\/a>\n\t\t\t\t\t\t\t\t\t<\/div>\n\t\t\t\n\t\t\t\t\t\t\t\t<a class=\"uagb-post__link-complete-box\" href=\"https:\/\/www.straniknj.cz\/?p=1609\" target=\"_self\" rel=\"bookmark noopener noreferrer\"><\/a>\n\t\t\t\t\t\t\t<\/article>\n\t\t\t\t\t\t\t\t\t\t\t\t\t\t\t\t<article class=\"uagb-post__inner-wrap\">\t\t\t\t\t\t\t\t<h4 class=\"uagb-post__title uagb-post__text\">\n\t\t\t\t<a href=\"https:\/\/www.straniknj.cz\/?p=1598\" target=\"_self\" rel=\"bookmark noopener noreferrer\">Aujeszkyho choroba<\/a>\n\t\t\t<\/h4>\n\t\t\t\t\t\t<div class='uagb-post__text uagb-post-grid-byline'>\n\t\t\t\t\t\t\t\t<time datetime=\"2026-03-10T09:40:58+01:00\" class=\"uagb-post__date\">\n\t\t\t\t\t\t\t\t\t10. 3. 2026\t\t\t\t<\/time>\n\t\t\t\t\t\t<\/div>\n\t\t\t\t\t\t<div class=\"uagb-post__text uagb-post__cta wp-block-button\">\n\t\t\t\t<a class=\"wp-block-button__link uagb-text-link\" style=\"\" href=\"https:\/\/www.straniknj.cz\/?p=1598\" target=\"_self\" rel=\"bookmark noopener noreferrer\">\u010c\u00edst v\u00edce<\/a>\n\t\t\t<\/div>\n\t\t\t\t\t\t<div class='uagb-post__image'>\n\t\t\t\t\t\t\t\t\t<a href=\"https:\/\/www.straniknj.cz\/?p=1598\" target=\"_self\" rel=\"bookmark noopener noreferrer\"><img decoding=\"async\" width=\"1536\" height=\"838\" src=\"https:\/\/www.straniknj.cz\/wp-content\/uploads\/2026\/03\/Aujezskyho-Choroba_nahled-1536x838.png\" class=\"attachment-1536x1536 size-1536x1536\" alt=\"\" srcset=\"https:\/\/www.straniknj.cz\/wp-content\/uploads\/2026\/03\/Aujezskyho-Choroba_nahled-1536x838.png 1536w, https:\/\/www.straniknj.cz\/wp-content\/uploads\/2026\/03\/Aujezskyho-Choroba_nahled-300x164.png 300w, https:\/\/www.straniknj.cz\/wp-content\/uploads\/2026\/03\/Aujezskyho-Choroba_nahled-1024x559.png 1024w, https:\/\/www.straniknj.cz\/wp-content\/uploads\/2026\/03\/Aujezskyho-Choroba_nahled-150x82.png 150w, https:\/\/www.straniknj.cz\/wp-content\/uploads\/2026\/03\/Aujezskyho-Choroba_nahled-768x419.png 768w, https:\/\/www.straniknj.cz\/wp-content\/uploads\/2026\/03\/Aujezskyho-Choroba_nahled-2048x1117.png 2048w\" sizes=\"(max-width: 1536px) 100vw, 1536px\" \/>\t\t\t\t\t<\/a>\n\t\t\t\t\t\t\t\t\t<\/div>\n\t\t\t\n\t\t\t\t\t\t\t\t<a class=\"uagb-post__link-complete-box\" href=\"https:\/\/www.straniknj.cz\/?p=1598\" target=\"_self\" rel=\"bookmark noopener noreferrer\"><\/a>\n\t\t\t\t\t\t\t<\/article>\n\t\t\t\t\t\t\t\t\t\t\t<\/div>\n\t\t\t<\/div>\n<\/div>\n<\/div>\n<\/div><\/div>\n\n\n\n<div class=\"wp-block-uagb-container uagb-layout-grid uagb-block-e5c50d49 alignfull uagb-is-root-container\"><div class=\"uagb-container-inner-blocks-wrap\">\n<div class=\"wp-block-uagb-image aligncenter uagb-block-0420b850 wp-block-uagb-image--layout-default wp-block-uagb-image--effect-static wp-block-uagb-image--align-center\"><figure class=\"wp-block-uagb-image__figure\"><img loading=\"lazy\" decoding=\"async\" srcset=\"https:\/\/www.straniknj.cz\/wp-content\/uploads\/2025\/01\/20191017_121526-scaled-e1736842653964-576x1024.jpg ,https:\/\/www.straniknj.cz\/wp-content\/uploads\/2025\/01\/20191017_121526-scaled-e1736842653964.jpg 780w, https:\/\/www.straniknj.cz\/wp-content\/uploads\/2025\/01\/20191017_121526-scaled-e1736842653964.jpg 360w\" sizes=\"auto, (max-width: 480px) 150px\" src=\"https:\/\/www.straniknj.cz\/wp-content\/uploads\/2025\/01\/20191017_121526-scaled-e1736842653964-576x1024.jpg\" alt=\"\" class=\"uag-image-1044\" width=\"680\" height=\"450\" title=\"20191017_121526\" loading=\"lazy\" role=\"img\"\/><\/figure><\/div>\n\n\n\n<div class=\"wp-block-uagb-info-box uagb-block-0e4b91b4 uagb-infobox__content-wrap  uagb-infobox-icon-above-title uagb-infobox-image-valign-top wp-block-uagb-info-box--has-margin\"><div class=\"uagb-infobox-margin-wrapper\"><div class=\"uagb-ifb-content\"><div class=\"uagb-ifb-title-wrap\"><h3 class=\"uagb-ifb-title\">Historie a tradice, kter\u00e9 formovaly Stran\u00edk<\/h3><\/div><p class=\"uagb-ifb-desc\">Stran\u00edk je malebn\u00e1 vesnice s bohatou histori\u00ed, zalo\u017een\u00e1 v 13. stolet\u00ed. Nach\u00e1z\u00ed se v krajin\u011b Pobeskyd\u00ed. Charakteristick\u00e9 jsou pro n\u011bj m\u00edrn\u00e9 kopce, zalesn\u011bn\u00e9 oblasti a \u00fadol\u00ed potok\u016f. Krajina je ide\u00e1ln\u00ed pro p\u011b\u0161\u00ed turistiku, cyklistiku a relaxaci v p\u0159\u00edrod\u011b.<\/p><div class=\"uagb-ifb-button-wrapper wp-block-button\"><a href=\"about\/\" class=\"uagb-infobox-cta-link wp-block-button__link\" target=\"_self\" rel=\"noopener noreferrer\" onclick=\"return true;\"><span class=\"uagb-inline-editing\">\u010c\u00edst v\u00edce<\/span><\/a><\/div><\/div><\/div><\/div>\n<\/div><\/div>\n\n\n\n<div class=\"wp-block-uagb-container uagb-block-dd11b07d alignfull uagb-is-root-container\"><div class=\"uagb-container-inner-blocks-wrap\">\n<div class=\"wp-block-uagb-info-box uagb-block-93205f4c uagb-infobox__content-wrap  uagb-infobox-icon-above-title uagb-infobox-image-valign-top\"><div class=\"uagb-ifb-content\"><div class=\"uagb-ifb-title-wrap\"><div class=\"uagb-ifb-separator\"><\/div><h2 class=\"uagb-ifb-title\">Kde n\u00e1s najdete<\/h2><\/div><p class=\"uagb-ifb-desc\">Objevte kr\u00e1sy na\u0161\u00ed vesnice a tradice, kter\u00e9 \u017eij\u00ed v ka\u017ed\u00e9m kout\u011b.<\/p><div class=\"uagb-ifb-button-wrapper wp-block-button\"><a href=\"https:\/\/www.straniknj.cz\/?page_id=1105\" class=\"uagb-infobox-cta-link wp-block-button__link\" target=\"_self\" rel=\"noopener noreferrer\" onclick=\"return true;\"><span class=\"uagb-inline-editing\">Zjistit v\u00edce<\/span><\/a><\/div><\/div><\/div>\n<\/div><\/div>\n\n\n\n<div class=\"wp-block-uagb-container uagb-block-509524e3 alignfull uagb-is-root-container\"><div class=\"uagb-container-inner-blocks-wrap\">\n<div class=\"wp-block-uagb-container uagb-block-feb2dc6e\">\n<div class=\"wp-block-uagb-advanced-heading uagb-block-07c07b52\"><h2 class=\"uagb-heading-text\">Pod\u011blte se o sv\u00e9 trasy<\/h2><p class=\"uagb-desc-text\">P\u0159idejte se ke stranick\u00e9 skupin\u011b Lok\u00e1ln\u00edch legend, kter\u00e1 sd\u00edl\u00ed trasy a tipy ze stranick\u00e9ho okol\u00ed. <\/p><\/div>\n\n\n\n<div class=\"wp-block-uagb-icon-list uagb-block-a733287c\"><div class=\"uagb-icon-list__wrap\">\n<div class=\"wp-block-uagb-icon-list-child uagb-block-252f94b5\"><span class=\"uagb-icon-list__source-wrap\"><svg xmlns=\"https:\/\/www.w3.org\/2000\/svg\" viewBox=\"0 0 448 512\"><path d=\"M438.6 105.4C451.1 117.9 451.1 138.1 438.6 150.6L182.6 406.6C170.1 419.1 149.9 419.1 137.4 406.6L9.372 278.6C-3.124 266.1-3.124 245.9 9.372 233.4C21.87 220.9 42.13 220.9 54.63 233.4L159.1 338.7L393.4 105.4C405.9 92.88 426.1 92.88 438.6 105.4H438.6z\"><\/path><\/svg><\/span><span class=\"uagb-icon-list__label\">Kompletn\u00ed trasy<\/span><\/div>\n\n\n\n<div class=\"wp-block-uagb-icon-list-child uagb-block-40afc628\"><span class=\"uagb-icon-list__source-wrap\"><svg xmlns=\"https:\/\/www.w3.org\/2000\/svg\" viewBox=\"0 0 448 512\"><path d=\"M438.6 105.4C451.1 117.9 451.1 138.1 438.6 150.6L182.6 406.6C170.1 419.1 149.9 419.1 137.4 406.6L9.372 278.6C-3.124 266.1-3.124 245.9 9.372 233.4C21.87 220.9 42.13 220.9 54.63 233.4L159.1 338.7L393.4 105.4C405.9 92.88 426.1 92.88 438.6 105.4H438.6z\"><\/path><\/svg><\/span><span class=\"uagb-icon-list__label\">Zaj\u00edmav\u00e1 m\u00edsta<\/span><\/div>\n\n\n\n<div class=\"wp-block-uagb-icon-list-child uagb-block-b3034762\"><span class=\"uagb-icon-list__source-wrap\"><svg xmlns=\"https:\/\/www.w3.org\/2000\/svg\" viewBox=\"0 0 448 512\"><path d=\"M438.6 105.4C451.1 117.9 451.1 138.1 438.6 150.6L182.6 406.6C170.1 419.1 149.9 419.1 137.4 406.6L9.372 278.6C-3.124 266.1-3.124 245.9 9.372 233.4C21.87 220.9 42.13 220.9 54.63 233.4L159.1 338.7L393.4 105.4C405.9 92.88 426.1 92.88 438.6 105.4H438.6z\"><\/path><\/svg><\/span><span class=\"uagb-icon-list__label\">Komunita<\/span><\/div>\n<\/div><\/div>\n\n\n\n<div class=\"wp-block-uagb-container uagb-block-6f501448\">\n<iframe allowtransparency frameborder='0' height='160' scrolling='no' src='https:\/\/www.strava.com\/clubs\/1187720\/latest-rides\/acf2b4247a06a98d259946e1b3bd831f92aec44c?show_rides=false' width='300'><\/iframe>\n<\/div>\n\n\n\n<div class=\"wp-block-uagb-buttons uagb-buttons__outer-wrap uagb-btn__default-btn uagb-btn-tablet__default-btn uagb-btn-mobile__default-btn uagb-block-f35e2d04\"><div class=\"uagb-buttons__wrap uagb-buttons-layout-wrap \">\n<div class=\"wp-block-uagb-buttons-child uagb-buttons__outer-wrap uagb-block-7cdb071a wp-block-button\"><div class=\"uagb-button__wrapper\"><a class=\"uagb-buttons-repeater wp-block-button__link\" aria-label=\"\" href=\"https:\/\/www.straniknj.cz\/?page_id=1170\" rel=\"follow noopener\" target=\"_self\" role=\"button\"><div class=\"uagb-button__link\">Dozv\u011bd\u011bt se v\u00edce<\/div><\/a><\/div><\/div>\n<\/div><\/div>\n<\/div>\n\n\n\n<div class=\"wp-block-uagb-container uagb-block-5eadc4a6\">\n<div class=\"wp-block-uagb-image uagb-block-126815f6 wp-block-uagb-image--layout-default wp-block-uagb-image--effect-static wp-block-uagb-image--align-none\"><figure class=\"wp-block-uagb-image__figure\"><img loading=\"lazy\" decoding=\"async\" srcset=\"https:\/\/www.straniknj.cz\/wp-content\/uploads\/2025\/01\/20231217_162003-1024x577.jpg ,https:\/\/www.straniknj.cz\/wp-content\/uploads\/2025\/01\/20231217_162003-scaled.jpg 780w, https:\/\/www.straniknj.cz\/wp-content\/uploads\/2025\/01\/20231217_162003-scaled.jpg 360w\" sizes=\"auto, (max-width: 480px) 150px\" src=\"https:\/\/www.straniknj.cz\/wp-content\/uploads\/2025\/01\/20231217_162003-1024x577.jpg\" alt=\"\" class=\"uag-image-1043\" width=\"600\" height=\"350\" title=\"20231217_162003\" loading=\"lazy\" role=\"img\"\/><\/figure><\/div>\n\n\n\n<div class=\"wp-block-uagb-image aligncenter uagb-block-261b7404 wp-block-uagb-image--layout-default wp-block-uagb-image--effect-static wp-block-uagb-image--align-center\"><figure class=\"wp-block-uagb-image__figure\"><img loading=\"lazy\" decoding=\"async\" srcset=\"https:\/\/www.straniknj.cz\/wp-content\/uploads\/2025\/01\/20230827_133353-EFFECTS-1-169x300.jpg ,https:\/\/www.straniknj.cz\/wp-content\/uploads\/2025\/01\/20230827_133353-EFFECTS-1-scaled.jpg 780w, https:\/\/www.straniknj.cz\/wp-content\/uploads\/2025\/01\/20230827_133353-EFFECTS-1-scaled.jpg 360w\" sizes=\"auto, (max-width: 480px) 150px\" src=\"https:\/\/www.straniknj.cz\/wp-content\/uploads\/2025\/01\/20230827_133353-EFFECTS-1-169x300.jpg\" alt=\"\" class=\"uag-image-1031\" width=\"217\" height=\"316\" title=\"20230827_133353-EFFECTS\" loading=\"lazy\" role=\"img\"\/><\/figure><\/div>\n<\/div>\n<\/div><\/div>\n\n\n\n<div class=\"wp-block-uagb-container uagb-block-a6bfea04 alignfull uagb-is-root-container\"><div class=\"uagb-container-inner-blocks-wrap\">\n<div class=\"wp-block-uagb-info-box uagb-block-baf92aae uagb-infobox__content-wrap  uagb-infobox-icon-above-title uagb-infobox-image-valign-top\"><div class=\"uagb-ifb-content\"><div class=\"uagb-ifb-title-wrap\"><div class=\"uagb-ifb-separator\"><\/div><h2 class=\"uagb-ifb-title\">M\u00e1te n\u011bjak\u00e9 dotazy?<\/h2><\/div><p class=\"uagb-ifb-desc\">Nebojte se zeptat.<br>Napi\u0161te n\u00e1m email a nebo vyu\u017eijte stranick\u00fd live chat. <\/p><div class=\"uagb-ifb-button-wrapper wp-block-button\"><a href=\"https:\/\/www.straniknj.cz\/?page_id=1105\" class=\"uagb-infobox-cta-link wp-block-button__link\" target=\"_self\" rel=\"noopener noreferrer\" onclick=\"return true;\"><span class=\"uagb-inline-editing\">Zjistit v\u00edce<\/span><\/a><\/div><\/div><\/div>\n<\/div><\/div>\n","protected":false},"excerpt":{"rendered":"<p>Pod\u011blte se o sv\u00e9 trasy P\u0159idejte se ke stranick\u00e9 skupin\u011b Lok\u00e1ln\u00edch legend, kter\u00e1 sd\u00edl\u00ed trasy a tipy ze stranick\u00e9ho okol\u00ed.<\/p>\n","protected":false},"author":3,"featured_media":0,"parent":0,"menu_order":0,"comment_status":"closed","ping_status":"closed","template":"","meta":{"content-type":"","_uag_custom_page_level_css":"","site-sidebar-layout":"default","site-content-layout":"","ast-site-content-layout":"","site-content-style":"default","site-sidebar-style":"default","ast-global-header-display":"","ast-banner-title-visibility":"disabled","ast-main-header-display":"","ast-hfb-above-header-display":"","ast-hfb-below-header-display":"","ast-hfb-mobile-header-display":"","site-post-title":"disabled","ast-breadcrumbs-content":"","ast-featured-img":"","footer-sml-layout":"","ast-disable-related-posts":"","theme-transparent-header-meta":"enabled","adv-header-id-meta":"","stick-header-meta":"","header-above-stick-meta":"","header-main-stick-meta":"","header-below-stick-meta":"","astra-migrate-meta-layouts":"default","ast-page-background-enabled":"default","ast-page-background-meta":{"desktop":{"background-color":"var(--ast-global-color-4)","background-image":"","background-repeat":"repeat","background-position":"center center","background-size":"auto","background-attachment":"scroll","background-type":"","background-media":"","overlay-type":"","overlay-color":"","overlay-opacity":"","overlay-gradient":""},"tablet":{"background-color":"","background-image":"","background-repeat":"repeat","background-position":"center center","background-size":"auto","background-attachment":"scroll","background-type":"","background-media":"","overlay-type":"","overlay-color":"","overlay-opacity":"","overlay-gradient":""},"mobile":{"background-color":"","background-image":"","background-repeat":"repeat","background-position":"center center","background-size":"auto","background-attachment":"scroll","background-type":"","background-media":"","overlay-type":"","overlay-color":"","overlay-opacity":"","overlay-gradient":""}},"ast-content-background-meta":{"desktop":{"background-color":"var(--ast-global-color-5)","background-image":"","background-repeat":"repeat","background-position":"center center","background-size":"auto","background-attachment":"scroll","background-type":"","background-media":"","overlay-type":"","overlay-color":"","overlay-opacity":"","overlay-gradient":""},"tablet":{"background-color":"var(--ast-global-color-5)","background-image":"","background-repeat":"repeat","background-position":"center center","background-size":"auto","background-attachment":"scroll","background-type":"","background-media":"","overlay-type":"","overlay-color":"","overlay-opacity":"","overlay-gradient":""},"mobile":{"background-color":"var(--ast-global-color-5)","background-image":"","background-repeat":"repeat","background-position":"center center","background-size":"auto","background-attachment":"scroll","background-type":"","background-media":"","overlay-type":"","overlay-color":"","overlay-opacity":"","overlay-gradient":""}},"footnotes":""},"class_list":["post-1068","page","type-page","status-publish","hentry"],"uagb_featured_image_src":{"full":false,"thumbnail":false,"medium":false,"medium_large":false,"large":false,"1536x1536":false,"2048x2048":false},"uagb_author_info":{"display_name":"Michal Kyja\u0148a","author_link":"https:\/\/www.straniknj.cz\/?author=3"},"uagb_comment_info":0,"uagb_excerpt":"Pod\u011blte se o sv\u00e9 trasy P\u0159idejte se ke stranick\u00e9 skupin\u011b Lok\u00e1ln\u00edch legend, kter\u00e1 sd\u00edl\u00ed trasy a tipy ze stranick\u00e9ho okol\u00ed.","_links":{"self":[{"href":"https:\/\/www.straniknj.cz\/index.php?rest_route=\/wp\/v2\/pages\/1068","targetHints":{"allow":["GET"]}}],"collection":[{"href":"https:\/\/www.straniknj.cz\/index.php?rest_route=\/wp\/v2\/pages"}],"about":[{"href":"https:\/\/www.straniknj.cz\/index.php?rest_route=\/wp\/v2\/types\/page"}],"author":[{"embeddable":true,"href":"https:\/\/www.straniknj.cz\/index.php?rest_route=\/wp\/v2\/users\/3"}],"replies":[{"embeddable":true,"href":"https:\/\/www.straniknj.cz\/index.php?rest_route=%2Fwp%2Fv2%2Fcomments&post=1068"}],"version-history":[{"count":30,"href":"https:\/\/www.straniknj.cz\/index.php?rest_route=\/wp\/v2\/pages\/1068\/revisions"}],"predecessor-version":[{"id":1314,"href":"https:\/\/www.straniknj.cz\/index.php?rest_route=\/wp\/v2\/pages\/1068\/revisions\/1314"}],"wp:attachment":[{"href":"https:\/\/www.straniknj.cz\/index.php?rest_route=%2Fwp%2Fv2%2Fmedia&parent=1068"}],"curies":[{"name":"wp","href":"https:\/\/api.w.org\/{rel}","templated":true}]}}