{"id":1105,"date":"2025-01-13T21:40:56","date_gmt":"2025-01-13T20:40:56","guid":{"rendered":"http:\/\/www.straniknj.cz\/?page_id=1105"},"modified":"2025-01-20T16:30:34","modified_gmt":"2025-01-20T15:30:34","slug":"contact-2","status":"publish","type":"page","link":"https:\/\/www.straniknj.cz\/?page_id=1105","title":{"rendered":"Kontakty"},"content":{"rendered":"\n<div class=\"wp-block-uagb-container uagb-block-8e900e2a alignfull uagb-is-root-container\"><div class=\"uagb-container-inner-blocks-wrap\">\n<div class=\"wp-block-uagb-advanced-heading uagb-block-eae04d3f\"><div class=\"uagb-separator\"><\/div><h1 class=\"uagb-heading-text\">Kontakt<\/h1><\/div>\n<\/div><\/div>\n\n\n\n<div class=\"wp-block-uagb-container uagb-block-f0d74997 alignfull uagb-is-root-container\"><div class=\"uagb-container-inner-blocks-wrap\">\n<div class=\"wp-block-uagb-advanced-heading uagb-block-0f064ff2\"><div class=\"uagb-separator\"><\/div><div class=\"uagb-heading-text\">M\u00e1te ot\u00e1zky nebo pot\u0159ebujete dal\u0161\u00ed informace? Nev\u00e1hejte n\u00e1s kontaktovat, r\u00e1di v\u00e1m pom\u016f\u017eeme a poskytneme pot\u0159ebn\u00e9 odpov\u011bdi.<\/div><\/div>\n\n\n\n<div class=\"wp-block-uagb-container uagb-block-6b631c50\">\n<div class=\"wp-block-uagb-container uagb-layout-flex uagb-block-216ab3e7\">\n<div class=\"wp-block-uagb-container uagb-block-15984035\">\n<div class=\"wp-block-uagb-advanced-heading uagb-block-aa6e7c21\"><div class=\"uagb-heading-text\">Adresa<\/div><p class=\"uagb-desc-text\">Stran\u00edk, Nov\u00fd Ji\u010d\u00edn<\/p><\/div>\n\n\n\n<div class=\"wp-block-uagb-advanced-heading uagb-block-cd8f5911\"><div class=\"uagb-heading-text\">Email<\/div><p class=\"uagb-desc-text\">stranik.info@gmail.com<\/p><\/div>\n<\/div>\n\n\n\n<div class=\"wp-block-uagb-separator uagb-block-92fbbf8f\"><div class=\"uagb-separator-spacing-wrapper\"><div class=\"wp-block-uagb-separator__inner\" style=\"--my-background-image:\"><\/div><\/div><\/div>\n<\/div>\n<\/div>\n\n\n\t\t\t<div \n\t\t\tclass=\"wp-block-uagb-google-map uagb-google-map__wrap uagb-block-b86ef669     \"\n\t\t\tstyle=\"\" >\n\t\t\t\t<embed\n\t\t\t\t\tclass=\"uagb-google-map__iframe\"\n\t\t\t\t\ttitle=\"Google Mapy pro \"\n\t\t\t\t\tsrc=\"https:\/\/maps.google.com\/maps?q=Stran%C3%ADk%20Nov%C3%BD%20Ji%C4%8D%C3%ADn&#038;z=13&#038;hl=cs&#038;t=k&#038;output=embed&#038;iwloc=near\"\n\t\t\t\t\twidth=\"640\"\n\t\t\t\t\theight=\"304\"\n\t\t\t\t\tloading=\"lazy\"\n\t\t\t\t><\/embed>\n\t\t\t<\/div>\n\t\t\t\n\n\n<div class=\"wp-block-leadin-hubspot-form-block\">\n\t\t\t\t\t\t<script>\n\t\t\t\t\t\t\twindow.hsFormsOnReady = window.hsFormsOnReady || [];\n\t\t\t\t\t\t\twindow.hsFormsOnReady.push(()=>{\n\t\t\t\t\t\t\t\thbspt.forms.create({\n\t\t\t\t\t\t\t\t\tportalId: 48955844,\n\t\t\t\t\t\t\t\t\tformId: \"c0fca100-512c-4cd6-bffa-d65f89dffbba\",\n\t\t\t\t\t\t\t\t\ttarget: \"#hbspt-form-1778909601000-5707371001\",\n\t\t\t\t\t\t\t\t\tregion: \"na1\",\n\t\t\t\t\t\t\t\t\t\n\t\t\t\t\t\t\t})});\n\t\t\t\t\t\t<\/script>\n\t\t\t\t\t\t<div class=\"hbspt-form\" id=\"hbspt-form-1778909601000-5707371001\"><\/div><\/div>\n<\/div><\/div>\n\n\n\n<div class=\"wp-block-uagb-container uagb-block-a6bfea04 alignfull uagb-is-root-container\"><div class=\"uagb-container-inner-blocks-wrap\">\n<div class=\"wp-block-uagb-info-box uagb-block-baf92aae uagb-infobox__content-wrap  uagb-infobox-icon-above-title uagb-infobox-image-valign-top\"><div class=\"uagb-ifb-content\"><div class=\"uagb-ifb-title-wrap\"><div class=\"uagb-ifb-separator\"><\/div><h2 class=\"uagb-ifb-title\">M\u00e1te n\u011bjak\u00e9 dotazy?<\/h2><\/div><p class=\"uagb-ifb-desc\">Nebojte se zeptat.<br>Napi\u0161te n\u00e1m email a nebo vyu\u017eijte stranick\u00fd live chat. <\/p><div class=\"uagb-ifb-button-wrapper wp-block-button\"><a href=\"https:\/\/www.straniknj.cz\/?page_id=1105\" class=\"uagb-infobox-cta-link wp-block-button__link\" target=\"_self\" rel=\"noopener noreferrer\" onclick=\"return true;\"><span class=\"uagb-inline-editing\">Zjistit v\u00edce<\/span><\/a><\/div><\/div><\/div>\n<\/div><\/div>\n\n\n\n<p><\/p>\n","protected":false},"excerpt":{"rendered":"<p>Kontakt M\u00e1te ot\u00e1zky nebo pot\u0159ebujete dal\u0161\u00ed informace? Nev\u00e1hejte n\u00e1s kontaktovat, r\u00e1di v\u00e1m pom\u016f\u017eeme a poskytneme pot\u0159ebn\u00e9 odpov\u011bdi. Adresa Stran\u00edk, Nov\u00fd Ji\u010d\u00edn Email stranik.info@gmail.com<\/p>\n","protected":false},"author":3,"featured_media":0,"parent":0,"menu_order":0,"comment_status":"closed","ping_status":"closed","template":"","meta":{"content-type":"","_uag_custom_page_level_css":"","site-sidebar-layout":"default","site-content-layout":"","ast-site-content-layout":"","site-content-style":"default","site-sidebar-style":"default","ast-global-header-display":"","ast-banner-title-visibility":"disabled","ast-main-header-display":"","ast-hfb-above-header-display":"","ast-hfb-below-header-display":"","ast-hfb-mobile-header-display":"","site-post-title":"disabled","ast-breadcrumbs-content":"","ast-featured-img":"","footer-sml-layout":"","ast-disable-related-posts":"","theme-transparent-header-meta":"enabled","adv-header-id-meta":"","stick-header-meta":"","header-above-stick-meta":"","header-main-stick-meta":"","header-below-stick-meta":"","astra-migrate-meta-layouts":"default","ast-page-background-enabled":"default","ast-page-background-meta":{"desktop":{"background-color":"var(--ast-global-color-4)","background-image":"","background-repeat":"repeat","background-position":"center center","background-size":"auto","background-attachment":"scroll","background-type":"","background-media":"","overlay-type":"","overlay-color":"","overlay-opacity":"","overlay-gradient":""},"tablet":{"background-color":"","background-image":"","background-repeat":"repeat","background-position":"center center","background-size":"auto","background-attachment":"scroll","background-type":"","background-media":"","overlay-type":"","overlay-color":"","overlay-opacity":"","overlay-gradient":""},"mobile":{"background-color":"","background-image":"","background-repeat":"repeat","background-position":"center center","background-size":"auto","background-attachment":"scroll","background-type":"","background-media":"","overlay-type":"","overlay-color":"","overlay-opacity":"","overlay-gradient":""}},"ast-content-background-meta":{"desktop":{"background-color":"var(--ast-global-color-5)","background-image":"","background-repeat":"repeat","background-position":"center center","background-size":"auto","background-attachment":"scroll","background-type":"","background-media":"","overlay-type":"","overlay-color":"","overlay-opacity":"","overlay-gradient":""},"tablet":{"background-color":"var(--ast-global-color-5)","background-image":"","background-repeat":"repeat","background-position":"center center","background-size":"auto","background-attachment":"scroll","background-type":"","background-media":"","overlay-type":"","overlay-color":"","overlay-opacity":"","overlay-gradient":""},"mobile":{"background-color":"var(--ast-global-color-5)","background-image":"","background-repeat":"repeat","background-position":"center center","background-size":"auto","background-attachment":"scroll","background-type":"","background-media":"","overlay-type":"","overlay-color":"","overlay-opacity":"","overlay-gradient":""}},"footnotes":""},"class_list":["post-1105","page","type-page","status-publish","hentry"],"uagb_featured_image_src":{"full":false,"thumbnail":false,"medium":false,"medium_large":false,"large":false,"1536x1536":false,"2048x2048":false},"uagb_author_info":{"display_name":"Michal Kyja\u0148a","author_link":"https:\/\/www.straniknj.cz\/?author=3"},"uagb_comment_info":0,"uagb_excerpt":"Kontakt M\u00e1te ot\u00e1zky nebo pot\u0159ebujete dal\u0161\u00ed informace? Nev\u00e1hejte n\u00e1s kontaktovat, r\u00e1di v\u00e1m pom\u016f\u017eeme a poskytneme pot\u0159ebn\u00e9 odpov\u011bdi. Adresa Stran\u00edk, Nov\u00fd Ji\u010d\u00edn Email stranik.info@gmail.com","_links":{"self":[{"href":"https:\/\/www.straniknj.cz\/index.php?rest_route=\/wp\/v2\/pages\/1105","targetHints":{"allow":["GET"]}}],"collection":[{"href":"https:\/\/www.straniknj.cz\/index.php?rest_route=\/wp\/v2\/pages"}],"about":[{"href":"https:\/\/www.straniknj.cz\/index.php?rest_route=\/wp\/v2\/types\/page"}],"author":[{"embeddable":true,"href":"https:\/\/www.straniknj.cz\/index.php?rest_route=\/wp\/v2\/users\/3"}],"replies":[{"embeddable":true,"href":"https:\/\/www.straniknj.cz\/index.php?rest_route=%2Fwp%2Fv2%2Fcomments&post=1105"}],"version-history":[{"count":6,"href":"https:\/\/www.straniknj.cz\/index.php?rest_route=\/wp\/v2\/pages\/1105\/revisions"}],"predecessor-version":[{"id":1330,"href":"https:\/\/www.straniknj.cz\/index.php?rest_route=\/wp\/v2\/pages\/1105\/revisions\/1330"}],"wp:attachment":[{"href":"https:\/\/www.straniknj.cz\/index.php?rest_route=%2Fwp%2Fv2%2Fmedia&parent=1105"}],"curies":[{"name":"wp","href":"https:\/\/api.w.org\/{rel}","templated":true}]}}