{"id":1170,"date":"2025-01-14T13:36:24","date_gmt":"2025-01-14T12:36:24","guid":{"rendered":"http:\/\/www.straniknj.cz\/?page_id=1170"},"modified":"2025-01-14T17:35:12","modified_gmt":"2025-01-14T16:35:12","slug":"okoli","status":"publish","type":"page","link":"https:\/\/www.straniknj.cz\/?page_id=1170","title":{"rendered":"Okol\u00ed"},"content":{"rendered":"\n<div class=\"wp-block-uagb-container uagb-block-jwfvsg6b alignfull uagb-is-root-container\"><div class=\"uagb-container-inner-blocks-wrap\">\n<div class=\"wp-block-uagb-info-box uagb-block-czwkjr9x uagb-infobox__content-wrap  uagb-infobox-icon-above-title uagb-infobox-image-valign-top\"><div class=\"uagb-ifb-content\"><div class=\"uagb-ifb-title-wrap\"><p class=\"uagb-ifb-title-prefix\">Lesy, pole, vodn\u00ed plochy a nespo\u010det aktivit<\/p><h1 class=\"uagb-ifb-title\">Stran\u00edk a jeho okol\u00ed<\/h1><\/div><\/div><\/div>\n<\/div><\/div>\n\n\n\n<div class=\"wp-block-uagb-container uagb-block-chae7oek alignfull uagb-is-root-container\"><div class=\"uagb-container-inner-blocks-wrap\">\n<div class=\"wp-block-uagb-container uagb-block-e1939c69\">\n<iframe width=\"800\" height=\"450\" src=\"https:\/\/embed.windy.com\/embed.html?type=map&#038;location=coordinates&#038;metricRain=mm&#038;metricTemp=\u00b0C&#038;metricWind=km\/h&#038;zoom=10&#038;overlay=radar&#038;product=radar&#038;level=surface&#038;lat=49.416&#038;lon=17.93&#038;detailLat=49.497&#038;detailLon=17.93&#038;detail=true\" frameborder=\"0\"><\/iframe>\n<\/div>\n\n\n\n<div class=\"wp-block-uagb-info-box uagb-block-b03d5fae uagb-infobox__content-wrap  uagb-infobox-icon-above-title uagb-infobox-image-valign-top\"><div class=\"uagb-ifb-content\"><div class=\"uagb-ifb-title-wrap\"><p class=\"uagb-ifb-title-prefix\">Objevujte okol\u00ed, ale<\/p><h1 class=\"uagb-ifb-title\">v de\u0161ti to nen\u00ed z\u00e1bava<\/h1><\/div><p class=\"uagb-ifb-desc\">Proto si zde m\u016f\u017eete zkontrolovat p\u0159edpov\u011b\u010f, aby v\u00e1s po cest\u011b nic nezasko\u010dilo.<\/p><\/div><\/div>\n<\/div><\/div>\n\n\n\n<div class=\"wp-block-uagb-container uagb-block-1jsbagdv alignfull uagb-is-root-container\"><div class=\"uagb-container-inner-blocks-wrap\">\n<div class=\"wp-block-uagb-container uagb-block-dkuz1hi9\">\n<div class=\"wp-block-uagb-image alignleft uagb-block-fwoyfxiy wp-block-uagb-image--layout-default wp-block-uagb-image--effect-static wp-block-uagb-image--align-left\"><figure class=\"wp-block-uagb-image__figure\"><img loading=\"lazy\" decoding=\"async\" srcset=\"https:\/\/www.straniknj.cz\/wp-content\/uploads\/2025\/01\/20231004_175236-1024x577.jpg ,https:\/\/www.straniknj.cz\/wp-content\/uploads\/2025\/01\/20231004_175236-scaled.jpg 780w, https:\/\/www.straniknj.cz\/wp-content\/uploads\/2025\/01\/20231004_175236-scaled.jpg 360w\" sizes=\"auto, (max-width: 480px) 150px\" src=\"https:\/\/www.straniknj.cz\/wp-content\/uploads\/2025\/01\/20231004_175236-1024x577.jpg\" alt=\"\" class=\"uag-image-1174\" width=\"230\" height=\"360\" title=\"20231004_175236\" loading=\"lazy\" role=\"img\"\/><\/figure><\/div>\n\n\n\n<div class=\"wp-block-uagb-image alignleft uagb-block-ncxk3kpw wp-block-uagb-image--layout-default wp-block-uagb-image--effect-static wp-block-uagb-image--align-left\"><figure class=\"wp-block-uagb-image__figure\"><img loading=\"lazy\" decoding=\"async\" srcset=\"https:\/\/www.straniknj.cz\/wp-content\/uploads\/2025\/01\/20220716_203509-scaled-e1736860059315-576x1024.jpg ,https:\/\/www.straniknj.cz\/wp-content\/uploads\/2025\/01\/20220716_203509-scaled-e1736860059315.jpg 780w, https:\/\/www.straniknj.cz\/wp-content\/uploads\/2025\/01\/20220716_203509-scaled-e1736860059315.jpg 360w\" sizes=\"auto, (max-width: 480px) 150px\" src=\"https:\/\/www.straniknj.cz\/wp-content\/uploads\/2025\/01\/20220716_203509-scaled-e1736860059315-576x1024.jpg\" alt=\"\" class=\"uag-image-1173\" width=\"230\" height=\"360\" title=\"20220716_203509\" loading=\"lazy\" role=\"img\"\/><\/figure><\/div>\n<\/div>\n\n\n\n<div class=\"wp-block-uagb-container uagb-block-n9ejpwnz\">\n<div class=\"wp-block-uagb-info-box uagb-block-nccqnaq0 uagb-infobox__content-wrap  uagb-infobox-icon-above-title uagb-infobox-image-valign-top\"><div class=\"uagb-ifb-content\"><div class=\"uagb-ifb-title-wrap\"><p class=\"uagb-ifb-title-prefix\">P\u0159ipojte se do clubu<\/p><h3 class=\"uagb-ifb-title\">Lok\u00e1ln\u00ed legendy<\/h3><\/div><p class=\"uagb-ifb-desc\">Klub vytvo\u0159en\u00fd p\u0159es aplikaci strava, kde lid sd\u00edl\u00ed sv\u00e9 v\u00fdkony  a objevuj\u00ed dal\u0161\u00ed trasy v okol\u00ed.<\/p><\/div><\/div>\n\n\n\n<iframe allowtransparency frameborder='0' height='160' scrolling='no' src='https:\/\/www.strava.com\/clubs\/1187720\/latest-rides\/acf2b4247a06a98d259946e1b3bd831f92aec44c?show_rides=false' width='300'><\/iframe>\n\n\n\n<iframe allowtransparency frameborder='0' height='454' scrolling='no' src='https:\/\/www.strava.com\/clubs\/1187720\/latest-rides\/acf2b4247a06a98d259946e1b3bd831f92aec44c?show_rides=true' width='300'><\/iframe>\n<\/div>\n<\/div><\/div>\n\n\n\n<div class=\"wp-block-uagb-container uagb-block-bqa7enqa alignfull uagb-is-root-container\"><div class=\"uagb-container-inner-blocks-wrap\">\n<div class=\"wp-block-uagb-info-box uagb-block-cafaaecp uagb-infobox__content-wrap  uagb-infobox-icon-above-title uagb-infobox-image-valign-top\"><div class=\"uagb-ifb-content\"><div class=\"uagb-ifb-title-wrap\"><h2 class=\"uagb-ifb-title\">Objevujte m\u00edsta a trasy<\/h2><\/div><p class=\"uagb-ifb-desc\">I p\u0159es malou rozlohu, nab\u00edz\u00ed Stran\u00edk kr\u00e1sn\u00e9 trasy a m\u00edsta, kde uniknete p\u0159ed hlukem civilizace a u\u017eijete si klidnou atmosf\u00e9ru stranick\u00e9 p\u0159\u00edrody<\/p><\/div><\/div>\n\n\n\n<div class=\"wp-block-uagb-container uagb-block-o511ukf2\">\n<div class=\"wp-block-uagb-container uagb-block-acspx7hq\">\n<div class=\"wp-block-uagb-image alignleft uagb-block-mdksphms wp-block-uagb-image--layout-default wp-block-uagb-image--effect-static wp-block-uagb-image--align-left\"><figure class=\"wp-block-uagb-image__figure\"><img loading=\"lazy\" decoding=\"async\" srcset=\"https:\/\/www.straniknj.cz\/wp-content\/uploads\/2025\/01\/20240411_182529-1024x577.jpg ,https:\/\/www.straniknj.cz\/wp-content\/uploads\/2025\/01\/20240411_182529-scaled.jpg 780w, https:\/\/www.straniknj.cz\/wp-content\/uploads\/2025\/01\/20240411_182529-scaled.jpg 360w\" sizes=\"auto, (max-width: 480px) 150px\" src=\"https:\/\/www.straniknj.cz\/wp-content\/uploads\/2025\/01\/20240411_182529-1024x577.jpg\" alt=\"\" class=\"uag-image-1179\" width=\"600\" height=\"450\" title=\"20240411_182529\" loading=\"lazy\" role=\"img\"\/><\/figure><\/div>\n\n\n\n<div class=\"wp-block-uagb-container uagb-block-t9k614cp\">\n<div class=\"wp-block-uagb-info-box uagb-block-ggcvbllk uagb-infobox__content-wrap  uagb-infobox-icon-above-title uagb-infobox-image-valign-top\"><div class=\"uagb-ifb-content\"><div class=\"uagb-ifb-title-wrap\"><p class=\"uagb-ifb-title-prefix\">01<\/p><h3 class=\"uagb-ifb-title\">Pet\u0159kovick\u00e1 Hora<\/h3><\/div><p class=\"uagb-ifb-desc\">Nejvy\u0161\u0161\u00ed vrchol, kter\u00fd ve Stran\u00edku najdete. Hora pouze n\u00e1zvem, ale v\u00fdhledy jsou k nezaplacen\u00ed. Navrcholu naleznete lavi\u010dku k posezen\u00ed, ze kter\u00e9 lze vid\u011bt n\u00e1dhern\u00e9 z\u00e1pady slunce oza\u0159uj\u00edc\u00ed z\u0159\u00edceninu Strah\u00e9 Ji\u010d\u00edna.<\/p><\/div><\/div>\n\n\n\n<div class=\"wp-block-uagb-buttons uagb-buttons__outer-wrap uagb-btn__default-btn uagb-btn-tablet__default-btn uagb-btn-mobile__default-btn uagb-block-vguvwght\"><div class=\"uagb-buttons__wrap uagb-buttons-layout-wrap \">\n<div class=\"wp-block-uagb-buttons-child uagb-buttons__outer-wrap uagb-block-ofzkrakl wp-block-button\"><div class=\"uagb-button__wrapper\"><a class=\"uagb-buttons-repeater wp-block-button__link\" aria-label=\"\" href=\"#\" rel=\"follow noopener\" target=\"_self\" role=\"button\"><div class=\"uagb-button__link\">Podrobnosti trasy<\/div><span class=\"uagb-button__icon uagb-button__icon-position-after\"><svg xmlns=\"https:\/\/www.w3.org\/2000\/svg\" viewBox=\"0 0 320 512\" aria-hidden=\"true\" focussable=\"false\"><path d=\"M96 480c-8.188 0-16.38-3.125-22.62-9.375c-12.5-12.5-12.5-32.75 0-45.25L242.8 256L73.38 86.63c-12.5-12.5-12.5-32.75 0-45.25s32.75-12.5 45.25 0l192 192c12.5 12.5 12.5 32.75 0 45.25l-192 192C112.4 476.9 104.2 480 96 480z\"><\/path><\/svg><\/span><\/a><\/div><\/div>\n<\/div><\/div>\n<\/div>\n<\/div>\n\n\n\n<div class=\"wp-block-uagb-container uagb-block-kqzbzfs1\">\n<div class=\"wp-block-uagb-container uagb-block-hqhzbthc\">\n<div class=\"wp-block-uagb-info-box uagb-block-d8aehuwz uagb-infobox__content-wrap  uagb-infobox-icon-above-title uagb-infobox-image-valign-top\"><div class=\"uagb-ifb-content\"><div class=\"uagb-ifb-title-wrap\"><p class=\"uagb-ifb-title-prefix\">02<\/p><h3 class=\"uagb-ifb-title\">Svinec<\/h3><\/div><p class=\"uagb-ifb-desc\">Svinec se nach\u00e1z\u00ed severn\u011b od Kojet\u00edna, co\u017e je m\u00edstn\u00ed \u010d\u00e1st Nov\u00e9ho Ji\u010d\u00edna, a tedy v t\u011bsn\u00e9 bl\u00edzkosti Stran\u00edku. Je sou\u010d\u00e1st\u00ed p\u0159\u00edrodn\u00edho parku Podbeskyd\u00ed. Svinec je obl\u00edben\u00fdm c\u00edlem turist\u016f. Na vrchol vede zna\u010den\u00e1 turistick\u00e1 trasa (\u010derven\u00e1 zna\u010dka), kter\u00e1 pokra\u010duje d\u00e1le do Hodslavic. V\u00fdstup nen\u00ed nijak n\u00e1ro\u010dn\u00fd a je vhodn\u00fd i pro rodiny s d\u011btmi. Z vrcholu se otev\u00edraj\u00ed p\u011bkn\u00e9 v\u00fdhledy do okoln\u00ed krajiny Podbeskyd\u00ed<\/p><\/div><\/div>\n\n\n\n<div class=\"wp-block-uagb-buttons uagb-buttons__outer-wrap uagb-btn__default-btn uagb-btn-tablet__default-btn uagb-btn-mobile__default-btn uagb-block-o5omyeas\"><div class=\"uagb-buttons__wrap uagb-buttons-layout-wrap \">\n<div class=\"wp-block-uagb-buttons-child uagb-buttons__outer-wrap uagb-block-425945c4 wp-block-button\"><div class=\"uagb-button__wrapper\"><a class=\"uagb-buttons-repeater wp-block-button__link\" aria-label=\"\" href=\"#\" rel=\"follow noopener\" target=\"_self\" role=\"button\"><div class=\"uagb-button__link\">Podrobnosti trasy<\/div><\/a><\/div><\/div>\n<\/div><\/div>\n<\/div>\n\n\n\n<div class=\"wp-block-uagb-image alignleft uagb-block-sldbolgv wp-block-uagb-image--layout-default wp-block-uagb-image--effect-static wp-block-uagb-image--align-left\"><figure class=\"wp-block-uagb-image__figure\"><img loading=\"lazy\" decoding=\"async\" srcset=\"https:\/\/www.straniknj.cz\/wp-content\/uploads\/2025\/01\/20240529_192954-scaled-e1736857946523-576x1024.jpg ,https:\/\/www.straniknj.cz\/wp-content\/uploads\/2025\/01\/20240529_192954-scaled-e1736857946523.jpg 780w, https:\/\/www.straniknj.cz\/wp-content\/uploads\/2025\/01\/20240529_192954-scaled-e1736857946523.jpg 360w\" sizes=\"auto, (max-width: 480px) 150px\" src=\"https:\/\/www.straniknj.cz\/wp-content\/uploads\/2025\/01\/20240529_192954-scaled-e1736857946523-576x1024.jpg\" alt=\"\" class=\"uag-image-1193\" width=\"600\" height=\"450\" title=\"20240529_192954\" loading=\"lazy\" role=\"img\"\/><\/figure><\/div>\n<\/div>\n\n\n\n<div class=\"wp-block-uagb-container uagb-block-mqklbfan\">\n<div class=\"wp-block-uagb-image alignleft uagb-block-par565as wp-block-uagb-image--layout-default wp-block-uagb-image--effect-static wp-block-uagb-image--align-left\"><figure class=\"wp-block-uagb-image__figure\"><img loading=\"lazy\" decoding=\"async\" srcset=\"https:\/\/www.straniknj.cz\/wp-content\/uploads\/2025\/01\/20240627_201612-1024x577.jpg ,https:\/\/www.straniknj.cz\/wp-content\/uploads\/2025\/01\/20240627_201612-scaled.jpg 780w, https:\/\/www.straniknj.cz\/wp-content\/uploads\/2025\/01\/20240627_201612-scaled.jpg 360w\" sizes=\"auto, (max-width: 480px) 150px\" src=\"https:\/\/www.straniknj.cz\/wp-content\/uploads\/2025\/01\/20240627_201612-1024x577.jpg\" alt=\"\" class=\"uag-image-1195\" width=\"600\" height=\"450\" title=\"20240627_201612\" loading=\"lazy\" role=\"img\"\/><\/figure><\/div>\n\n\n\n<div class=\"wp-block-uagb-container uagb-block-fiphpbhf\">\n<div class=\"wp-block-uagb-info-box uagb-block-lyz6gfzz uagb-infobox__content-wrap  uagb-infobox-icon-above-title uagb-infobox-image-valign-top\"><div class=\"uagb-ifb-content\"><div class=\"uagb-ifb-title-wrap\"><p class=\"uagb-ifb-title-prefix\">03<\/p><h3 class=\"uagb-ifb-title\">\u010cer\u0165\u00e1k<\/h3><\/div><p class=\"uagb-ifb-desc\">Hlavn\u00edm \u00fa\u010delem \u010cer\u0165\u00e1ku je rekreace a sportovn\u00ed ryba\u0159en\u00ed. Slou\u017e\u00ed jako p\u0159\u00edrodn\u00ed koupali\u0161t\u011b a je obl\u00edben\u00fdm m\u00edstem pro odpo\u010dinek a relaxaci. I p\u0159es rekrea\u010dn\u00ed vyu\u017eit\u00ed je \u010cer\u0165\u00e1k i stanovi\u0161t\u011bm v\u00fdznamn\u00fdch a zvl\u00e1\u0161t\u011b chr\u00e1n\u011bn\u00fdch druh\u016f \u017eivo\u010dich\u016f a rostlin.<\/p><\/div><\/div>\n\n\n\n<div class=\"wp-block-uagb-buttons uagb-buttons__outer-wrap uagb-btn__default-btn uagb-btn-tablet__default-btn uagb-btn-mobile__default-btn uagb-block-scvw9dvs\"><div class=\"uagb-buttons__wrap uagb-buttons-layout-wrap \">\n<div class=\"wp-block-uagb-buttons-child uagb-buttons__outer-wrap uagb-block-3batyolh wp-block-button\"><div class=\"uagb-button__wrapper\"><a class=\"uagb-buttons-repeater wp-block-button__link\" aria-label=\"\" href=\"#\" rel=\"follow noopener\" target=\"_self\" role=\"button\"><div class=\"uagb-button__link\">Podrobnosti trasy<\/div><span class=\"uagb-button__icon uagb-button__icon-position-after\"><svg xmlns=\"https:\/\/www.w3.org\/2000\/svg\" viewBox=\"0 0 320 512\" aria-hidden=\"true\" focussable=\"false\"><path d=\"M96 480c-8.188 0-16.38-3.125-22.62-9.375c-12.5-12.5-12.5-32.75 0-45.25L242.8 256L73.38 86.63c-12.5-12.5-12.5-32.75 0-45.25s32.75-12.5 45.25 0l192 192c12.5 12.5 12.5 32.75 0 45.25l-192 192C112.4 476.9 104.2 480 96 480z\"><\/path><\/svg><\/span><\/a><\/div><\/div>\n<\/div><\/div>\n<\/div>\n<\/div>\n\n\n\n<div class=\"wp-block-uagb-container uagb-block-rcwi6wnn\">\n<div class=\"wp-block-uagb-container uagb-block-nhj092fi\">\n<div class=\"wp-block-uagb-info-box uagb-block-xexxg6mo uagb-infobox__content-wrap  uagb-infobox-icon-above-title uagb-infobox-image-valign-top\"><div class=\"uagb-ifb-content\"><div class=\"uagb-ifb-title-wrap\"><p class=\"uagb-ifb-title-prefix\">04<\/p><h3 class=\"uagb-ifb-title\">Stranick\u00e1 H\u0159ebenovka<\/h3><\/div><p class=\"uagb-ifb-desc\">Nav\u0161tivte okoln\u00ed kope\u010dky malebn\u00e9 vesnice Stran\u00edk. Trasa, kterou si dok\u00e1\u017ee u\u017e\u00edt cel\u00e1 rodina.<\/p><\/div><\/div>\n\n\n\n<div class=\"wp-block-uagb-buttons uagb-buttons__outer-wrap uagb-btn__default-btn uagb-btn-tablet__default-btn uagb-btn-mobile__default-btn uagb-block-nszn8fed\"><div class=\"uagb-buttons__wrap uagb-buttons-layout-wrap \">\n<div class=\"wp-block-uagb-buttons-child uagb-buttons__outer-wrap uagb-block-hobdxutj wp-block-button\"><div class=\"uagb-button__wrapper\"><a class=\"uagb-buttons-repeater wp-block-button__link\" aria-label=\"\" href=\"https:\/\/www.straniknj.cz\/?page_id=1188\" rel=\"follow noopener\" target=\"_self\" role=\"button\"><div class=\"uagb-button__link\">Podrobnosti trasy<\/div><span class=\"uagb-button__icon uagb-button__icon-position-after\"><svg xmlns=\"https:\/\/www.w3.org\/2000\/svg\" viewBox=\"0 0 320 512\" aria-hidden=\"true\" focussable=\"false\"><path d=\"M96 480c-8.188 0-16.38-3.125-22.62-9.375c-12.5-12.5-12.5-32.75 0-45.25L242.8 256L73.38 86.63c-12.5-12.5-12.5-32.75 0-45.25s32.75-12.5 45.25 0l192 192c12.5 12.5 12.5 32.75 0 45.25l-192 192C112.4 476.9 104.2 480 96 480z\"><\/path><\/svg><\/span><\/a><\/div><\/div>\n<\/div><\/div>\n<\/div>\n\n\n\n<div class=\"wp-block-uagb-image alignleft uagb-block-xgzlsadm wp-block-uagb-image--layout-default wp-block-uagb-image--effect-static wp-block-uagb-image--align-left\"><figure class=\"wp-block-uagb-image__figure\"><img loading=\"lazy\" decoding=\"async\" srcset=\"https:\/\/www.straniknj.cz\/wp-content\/uploads\/2025\/01\/Petrka-768x1024.jpg ,https:\/\/www.straniknj.cz\/wp-content\/uploads\/2025\/01\/Petrka.jpg 780w, https:\/\/www.straniknj.cz\/wp-content\/uploads\/2025\/01\/Petrka.jpg 360w\" sizes=\"auto, (max-width: 480px) 150px\" src=\"https:\/\/www.straniknj.cz\/wp-content\/uploads\/2025\/01\/Petrka-768x1024.jpg\" alt=\"\" class=\"uag-image-1196\" width=\"600\" height=\"450\" title=\"Pet\u0159ka\" loading=\"lazy\" role=\"img\"\/><\/figure><\/div>\n<\/div>\n<\/div>\n<\/div><\/div>\n\n\n\n<div class=\"wp-block-uagb-container uagb-block-hec33vec alignfull uagb-is-root-container\"><div class=\"uagb-container-inner-blocks-wrap\">\n<div class=\"wp-block-uagb-info-box uagb-block-w4ypqbxv uagb-infobox__content-wrap  uagb-infobox-icon-above-title uagb-infobox-image-valign-top\"><div class=\"uagb-ifb-content\"><div class=\"uagb-ifb-title-wrap\"><p class=\"uagb-ifb-title-prefix\">Stay Connected with Us<\/p><h2 class=\"uagb-ifb-title\">Let\\&#8217;s Create Together<\/h2><\/div><p class=\"uagb-ifb-desc\">Connect with us to explore how we can make your vision a reality. Join us in shaping the future.<\/p><\/div><\/div>\n\n\n\n<div class=\"wp-block-uagb-buttons uagb-buttons__outer-wrap uagb-btn__default-btn uagb-btn-tablet__default-btn uagb-btn-mobile__default-btn uagb-block-uvluoqd5\"><div class=\"uagb-buttons__wrap uagb-buttons-layout-wrap \">\n<div class=\"wp-block-uagb-buttons-child uagb-buttons__outer-wrap uagb-block-9rnynjj2 wp-block-button\"><div class=\"uagb-button__wrapper\"><a class=\"uagb-buttons-repeater wp-block-button__link\" aria-label=\"\" href=\"#\" rel=\"follow noopener\" target=\"_self\" role=\"button\"><div class=\"uagb-button__link\">Get Started<\/div><\/a><\/div><\/div>\n<\/div><\/div>\n<\/div><\/div>\n","protected":false},"excerpt":{"rendered":"","protected":false},"author":3,"featured_media":0,"parent":0,"menu_order":0,"comment_status":"closed","ping_status":"closed","template":"","meta":{"content-type":"","_uag_custom_page_level_css":"","site-sidebar-layout":"default","site-content-layout":"","ast-site-content-layout":"","site-content-style":"default","site-sidebar-style":"default","ast-global-header-display":"","ast-banner-title-visibility":"","ast-main-header-display":"","ast-hfb-above-header-display":"","ast-hfb-below-header-display":"","ast-hfb-mobile-header-display":"","site-post-title":"disabled","ast-breadcrumbs-content":"","ast-featured-img":"","footer-sml-layout":"","ast-disable-related-posts":"","theme-transparent-header-meta":"","adv-header-id-meta":"","stick-header-meta":"","header-above-stick-meta":"","header-main-stick-meta":"","header-below-stick-meta":"","astra-migrate-meta-layouts":"default","ast-page-background-enabled":"default","ast-page-background-meta":{"desktop":{"background-color":"var(--ast-global-color-4)","background-image":"","background-repeat":"repeat","background-position":"center center","background-size":"auto","background-attachment":"scroll","background-type":"","background-media":"","overlay-type":"","overlay-color":"","overlay-opacity":"","overlay-gradient":""},"tablet":{"background-color":"","background-image":"","background-repeat":"repeat","background-position":"center center","background-size":"auto","background-attachment":"scroll","background-type":"","background-media":"","overlay-type":"","overlay-color":"","overlay-opacity":"","overlay-gradient":""},"mobile":{"background-color":"","background-image":"","background-repeat":"repeat","background-position":"center center","background-size":"auto","background-attachment":"scroll","background-type":"","background-media":"","overlay-type":"","overlay-color":"","overlay-opacity":"","overlay-gradient":""}},"ast-content-background-meta":{"desktop":{"background-color":"var(--ast-global-color-5)","background-image":"","background-repeat":"repeat","background-position":"center center","background-size":"auto","background-attachment":"scroll","background-type":"","background-media":"","overlay-type":"","overlay-color":"","overlay-opacity":"","overlay-gradient":""},"tablet":{"background-color":"var(--ast-global-color-5)","background-image":"","background-repeat":"repeat","background-position":"center center","background-size":"auto","background-attachment":"scroll","background-type":"","background-media":"","overlay-type":"","overlay-color":"","overlay-opacity":"","overlay-gradient":""},"mobile":{"background-color":"var(--ast-global-color-5)","background-image":"","background-repeat":"repeat","background-position":"center center","background-size":"auto","background-attachment":"scroll","background-type":"","background-media":"","overlay-type":"","overlay-color":"","overlay-opacity":"","overlay-gradient":""}},"footnotes":""},"class_list":["post-1170","page","type-page","status-publish","hentry"],"uagb_featured_image_src":{"full":false,"thumbnail":false,"medium":false,"medium_large":false,"large":false,"1536x1536":false,"2048x2048":false},"uagb_author_info":{"display_name":"Michal Kyja\u0148a","author_link":"https:\/\/www.straniknj.cz\/?author=3"},"uagb_comment_info":0,"uagb_excerpt":null,"_links":{"self":[{"href":"https:\/\/www.straniknj.cz\/index.php?rest_route=\/wp\/v2\/pages\/1170","targetHints":{"allow":["GET"]}}],"collection":[{"href":"https:\/\/www.straniknj.cz\/index.php?rest_route=\/wp\/v2\/pages"}],"about":[{"href":"https:\/\/www.straniknj.cz\/index.php?rest_route=\/wp\/v2\/types\/page"}],"author":[{"embeddable":true,"href":"https:\/\/www.straniknj.cz\/index.php?rest_route=\/wp\/v2\/users\/3"}],"replies":[{"embeddable":true,"href":"https:\/\/www.straniknj.cz\/index.php?rest_route=%2Fwp%2Fv2%2Fcomments&post=1170"}],"version-history":[{"count":11,"href":"https:\/\/www.straniknj.cz\/index.php?rest_route=\/wp\/v2\/pages\/1170\/revisions"}],"predecessor-version":[{"id":1308,"href":"https:\/\/www.straniknj.cz\/index.php?rest_route=\/wp\/v2\/pages\/1170\/revisions\/1308"}],"wp:attachment":[{"href":"https:\/\/www.straniknj.cz\/index.php?rest_route=%2Fwp%2Fv2%2Fmedia&parent=1170"}],"curies":[{"name":"wp","href":"https:\/\/api.w.org\/{rel}","templated":true}]}}