{"id":1188,"date":"2025-01-14T13:42:33","date_gmt":"2025-01-14T12:42:33","guid":{"rendered":"http:\/\/www.straniknj.cz\/?page_id=1188"},"modified":"2025-01-14T17:42:33","modified_gmt":"2025-01-14T16:42:33","slug":"stranicka-hrebenovka","status":"publish","type":"page","link":"https:\/\/www.straniknj.cz\/?page_id=1188","title":{"rendered":"Stranick\u00e1 h\u0159ebenovka"},"content":{"rendered":"\n<div class=\"wp-block-uagb-container uagb-block-dreawis0 alignfull uagb-is-root-container\"><div class=\"uagb-container-inner-blocks-wrap\">\n<div class=\"wp-block-uagb-info-box uagb-block-g2elj5to uagb-infobox__content-wrap  uagb-infobox-icon-above-title uagb-infobox-image-valign-top\"><div class=\"uagb-ifb-content\"><div class=\"uagb-ifb-title-wrap\"><p class=\"uagb-ifb-title-prefix\">P\u0159es stranick\u00e9 lesy po vrcholc\u00edch<\/p><h1 class=\"uagb-ifb-title\">Stranick\u00e1 h\u0159ebenovka<\/h1><\/div><\/div><\/div>\n<\/div><\/div>\n\n\n\n<div class=\"wp-block-uagb-container uagb-block-pg7a2fnm alignfull uagb-is-root-container\"><div class=\"uagb-container-inner-blocks-wrap\">\n<div class=\"strava-embed-placeholder\" data-embed-type=\"route\" data-embed-id=\"3314207206317229834\" data-units=\"metric\" data-full-width=\"true\" data-style=\"hybrid\" data-terrain=\"3d\" data-map-hash=\"12.31\/49.5501\/17.98465\" data-club-id=\"1187720\" data-from-embed=\"true\"><\/div><script src=\"https:\/\/strava-embeds.com\/embed.js\"><\/script>\n<\/div><\/div>\n\n\n\n<div class=\"wp-block-uagb-container uagb-block-vjpgzdqr alignfull uagb-is-root-container\"><\/div>\n\n\n\n<div class=\"wp-block-uagb-container uagb-block-rtr4qeue alignfull uagb-is-root-container\"><div class=\"uagb-container-inner-blocks-wrap\">\n<div class=\"wp-block-uagb-container uagb-block-2wg0cexc\">\n<div class=\"wp-block-uagb-info-box uagb-block-juof4whj uagb-infobox__content-wrap  uagb-infobox-icon-above-title uagb-infobox-image-valign-top\"><div class=\"uagb-ifb-content\"><div class=\"uagb-ifb-title-wrap\"><h2 class=\"uagb-ifb-title\">Co v\u00e1s \u010dek\u00e1?<\/h2><\/div><p class=\"uagb-ifb-desc\">Jednoduch\u00e1 trasa, kter\u00e1 vede p\u0159es 2 nejv\u011bt\u0161\u00ed vrcholy stranick\u00e9ho okol\u00ed. Nav\u0161tivte Str\u00e1\u017enici a Pet\u0159kovickou horu.  <\/p><\/div><\/div>\n<\/div>\n\n\n\n<div class=\"wp-block-uagb-image alignleft uagb-block-cnr75jzr wp-block-uagb-image--layout-default wp-block-uagb-image--effect-static wp-block-uagb-image--align-left\"><figure class=\"wp-block-uagb-image__figure\"><img loading=\"lazy\" decoding=\"async\" srcset=\"https:\/\/www.straniknj.cz\/wp-content\/uploads\/2025\/01\/20240529_185238-scaled-e1736858286178-576x1024.jpg ,https:\/\/www.straniknj.cz\/wp-content\/uploads\/2025\/01\/20240529_185238-scaled-e1736858286178.jpg 780w, https:\/\/www.straniknj.cz\/wp-content\/uploads\/2025\/01\/20240529_185238-scaled-e1736858286178.jpg 360w\" sizes=\"auto, (max-width: 480px) 150px\" src=\"https:\/\/www.straniknj.cz\/wp-content\/uploads\/2025\/01\/20240529_185238-scaled-e1736858286178-576x1024.jpg\" alt=\"\" class=\"uag-image-1191\" width=\"564\" height=\"450\" title=\"20240529_185238\" loading=\"lazy\" role=\"img\"\/><\/figure><\/div>\n<\/div><\/div>\n\n\n\n<div class=\"wp-block-uagb-container uagb-block-877xlfkv alignfull uagb-is-root-container\"><div class=\"uagb-container-inner-blocks-wrap\">\n<div class=\"wp-block-uagb-container uagb-block-52neqg6s\">\n<div class=\"wp-block-uagb-info-box uagb-block-j7kip8ql uagb-infobox__content-wrap  uagb-infobox-icon-above-title uagb-infobox-image-valign-top\"><div class=\"uagb-ifb-content\"><div class=\"uagb-ifb-title-wrap\"><h2 class=\"uagb-ifb-title\">N\u00e1ro\u010dnost<\/h2><\/div><\/div><\/div>\n\n\n\n<div class=\"wp-block-uagb-info-box uagb-block-7ro4fypw uagb-infobox__content-wrap  uagb-infobox-icon-above-title uagb-infobox-image-valign-top\"><div class=\"uagb-ifb-content\"><div class=\"uagb-ifb-title-wrap\"><\/div><p class=\"uagb-ifb-desc\">Poj\u010fme si trochu shrnout celou trasu v \u010d\u00edslech.<\/p><\/div><\/div>\n<\/div>\n\n\n\n<div class=\"wp-block-uagb-container uagb-block-wz6jopmp\">\n<div class=\"wp-block-uagb-info-box uagb-block-o08f1akb uagb-infobox__content-wrap  uagb-infobox-icon-above-title uagb-infobox-image-valign-top\"><div class=\"uagb-ifb-content\"><div class=\"uagb-ifb-title-wrap\"><p class=\"uagb-ifb-title-prefix\">10,22 km<\/p><h2 class=\"uagb-ifb-title\">Vzd\u00e1lenost<\/h2><\/div><p class=\"uagb-ifb-desc\">1<\/p><\/div><\/div>\n\n\n\n<div class=\"wp-block-uagb-info-box uagb-block-j60yhbec uagb-infobox__content-wrap  uagb-infobox-icon-above-title uagb-infobox-image-valign-top\"><div class=\"uagb-ifb-content\"><div class=\"uagb-ifb-title-wrap\"><p class=\"uagb-ifb-title-prefix\">415 m<\/p><h2 class=\"uagb-ifb-title\">P\u0159ev\u00fd\u0161en\u00ed<\/h2><\/div><p class=\"uagb-ifb-desc\">4<\/p><\/div><\/div>\n\n\n\n<div class=\"wp-block-uagb-info-box uagb-block-839oyd6n uagb-infobox__content-wrap  uagb-infobox-icon-above-title uagb-infobox-image-valign-top\"><div class=\"uagb-ifb-content\"><div class=\"uagb-ifb-title-wrap\"><p class=\"uagb-ifb-title-prefix\">3:00:48<\/p><h2 class=\"uagb-ifb-title\">\u010cas<\/h2><\/div><p class=\"uagb-ifb-desc\">3<\/p><\/div><\/div>\n<\/div>\n<\/div><\/div>\n\n\n\n<div class=\"wp-block-uagb-container uagb-layout-grid uagb-block-sw2kn5ea alignfull uagb-is-root-container\"><div class=\"uagb-container-inner-blocks-wrap\">\n<div class=\"wp-block-uagb-container uagb-block-dywxjul8\">\n<div class=\"wp-block-uagb-image alignleft uagb-block-atjcn92k wp-block-uagb-image--layout-default wp-block-uagb-image--effect-static wp-block-uagb-image--align-left\"><figure class=\"wp-block-uagb-image__figure\"><img loading=\"lazy\" decoding=\"async\" srcset=\"https:\/\/www.straniknj.cz\/wp-content\/uploads\/2025\/01\/20240411_182529-1024x577.jpg ,https:\/\/www.straniknj.cz\/wp-content\/uploads\/2025\/01\/20240411_182529-scaled.jpg 780w, https:\/\/www.straniknj.cz\/wp-content\/uploads\/2025\/01\/20240411_182529-scaled.jpg 360w\" sizes=\"auto, (max-width: 480px) 150px\" src=\"https:\/\/www.straniknj.cz\/wp-content\/uploads\/2025\/01\/20240411_182529-1024x577.jpg\" alt=\"\" class=\"uag-image-1179\" width=\"576\" height=\"384\" title=\"20240411_182529\" loading=\"lazy\" role=\"img\"\/><\/figure><\/div>\n\n\n\n<div class=\"wp-block-uagb-info-box uagb-block-7im8nahc uagb-infobox__content-wrap  uagb-infobox-icon-above-title uagb-infobox-image-valign-top\"><div class=\"uagb-ifb-content\"><div class=\"uagb-ifb-title-wrap\"><p class=\"uagb-ifb-title\">Pet\u0159kovick\u00e1 hora<\/p><\/div><p class=\"uagb-ifb-desc\">C<\/p><\/div><\/div>\n\n\n\n<div class=\"wp-block-uagb-info-box uagb-block-cjvh9i8d uagb-infobox__content-wrap  uagb-infobox-icon-above-title uagb-infobox-image-valign-top wp-block-uagb-info-box--has-margin\"><div class=\"uagb-infobox-margin-wrapper\"><div class=\"uagb-ifb-content\"><div class=\"uagb-ifb-title-wrap\"><\/div><p class=\"uagb-ifb-desc\">Posezen\u00ed na vrcholu.<\/p><\/div><\/div><\/div>\n<\/div>\n\n\n\n<div class=\"wp-block-uagb-container uagb-block-q9wugee9\">\n<div class=\"wp-block-uagb-image alignleft uagb-block-fitdck1t wp-block-uagb-image--layout-default wp-block-uagb-image--effect-static wp-block-uagb-image--align-left\"><figure class=\"wp-block-uagb-image__figure\"><img loading=\"lazy\" decoding=\"async\" srcset=\"https:\/\/www.straniknj.cz\/wp-content\/uploads\/2025\/01\/20230623_210017-1024x768.jpg ,https:\/\/www.straniknj.cz\/wp-content\/uploads\/2025\/01\/20230623_210017-scaled.jpg 780w, https:\/\/www.straniknj.cz\/wp-content\/uploads\/2025\/01\/20230623_210017-scaled.jpg 360w\" sizes=\"auto, (max-width: 480px) 150px\" src=\"https:\/\/www.straniknj.cz\/wp-content\/uploads\/2025\/01\/20230623_210017-1024x768.jpg\" alt=\"\" class=\"uag-image-1182\" width=\"576\" height=\"384\" title=\"20230623_210017\" loading=\"lazy\" role=\"img\"\/><\/figure><\/div>\n\n\n\n<div class=\"wp-block-uagb-info-box uagb-block-5isutc3z uagb-infobox__content-wrap  uagb-infobox-icon-above-title uagb-infobox-image-valign-top wp-block-uagb-info-box--has-margin\"><div class=\"uagb-infobox-margin-wrapper\"><div class=\"uagb-ifb-content\"><div class=\"uagb-ifb-title-wrap\"><p class=\"uagb-ifb-title\">Str\u00e1\u017enice<\/p><\/div><p class=\"uagb-ifb-desc\">Nejvy\u0161\u0161\u00ed stranick\u00fd vrchol<\/p><\/div><\/div><\/div>\n<\/div>\n\n\n\n<div class=\"wp-block-uagb-container uagb-block-kdadng0e\">\n<div class=\"wp-block-uagb-image alignleft uagb-block-rlc6adqs wp-block-uagb-image--layout-default wp-block-uagb-image--effect-static wp-block-uagb-image--align-left\"><figure class=\"wp-block-uagb-image__figure\"><img loading=\"lazy\" decoding=\"async\" srcset=\"https:\/\/www.straniknj.cz\/wp-content\/uploads\/2025\/01\/20231029_054122-1024x577.jpg ,https:\/\/www.straniknj.cz\/wp-content\/uploads\/2025\/01\/20231029_054122-scaled.jpg 780w, https:\/\/www.straniknj.cz\/wp-content\/uploads\/2025\/01\/20231029_054122-scaled.jpg 360w\" sizes=\"auto, (max-width: 480px) 150px\" src=\"https:\/\/www.straniknj.cz\/wp-content\/uploads\/2025\/01\/20231029_054122-1024x577.jpg\" alt=\"\" class=\"uag-image-1175\" width=\"368\" height=\"368\" title=\"20231029_054122\" loading=\"lazy\" role=\"img\"\/><\/figure><\/div>\n\n\n\n<div class=\"wp-block-uagb-info-box uagb-block-llvbeqwp uagb-infobox__content-wrap  uagb-infobox-icon-above-title uagb-infobox-image-valign-top\"><div class=\"uagb-ifb-content\"><div class=\"uagb-ifb-title-wrap\"><p class=\"uagb-ifb-title\">Houpa\u010dky na kojet\u00edn\u011b<\/p><\/div><p class=\"uagb-ifb-desc\">Po cest\u011b m\u017eete rovn\u011b\u017e narazit na dvojici houpa\u010dek s kr\u00e1sn\u00fdm v\u00fdhledem.<\/p><\/div><\/div>\n<\/div>\n\n\n\n<div class=\"wp-block-uagb-container uagb-block-jkcjtb7a\">\n<div class=\"wp-block-uagb-image alignleft uagb-block-sestzqpl wp-block-uagb-image--layout-default wp-block-uagb-image--effect-static wp-block-uagb-image--align-left\"><figure class=\"wp-block-uagb-image__figure\"><img loading=\"lazy\" decoding=\"async\" srcset=\"https:\/\/www.straniknj.cz\/wp-content\/uploads\/2025\/01\/20230623_210030-1024x768.jpg ,https:\/\/www.straniknj.cz\/wp-content\/uploads\/2025\/01\/20230623_210030-scaled.jpg 780w, https:\/\/www.straniknj.cz\/wp-content\/uploads\/2025\/01\/20230623_210030-scaled.jpg 360w\" sizes=\"auto, (max-width: 480px) 150px\" src=\"https:\/\/www.straniknj.cz\/wp-content\/uploads\/2025\/01\/20230623_210030-1024x768.jpg\" alt=\"\" class=\"uag-image-1183\" width=\"368\" height=\"368\" title=\"20230623_210030\" loading=\"lazy\" role=\"img\"\/><\/figure><\/div>\n\n\n\n<div class=\"wp-block-uagb-info-box uagb-block-p3kbmlbp uagb-infobox__content-wrap  uagb-infobox-icon-above-title uagb-infobox-image-valign-top\"><div class=\"uagb-ifb-content\"><div class=\"uagb-ifb-title-wrap\"><p class=\"uagb-ifb-title\">Star\u00fd Ji\u010d\u00edn<\/p><\/div><p class=\"uagb-ifb-desc\">M<\/p><\/div><\/div>\n\n\n\n<div class=\"wp-block-uagb-info-box uagb-block-tden7kdd uagb-infobox__content-wrap  uagb-infobox-icon-above-title uagb-infobox-image-valign-top\"><div class=\"uagb-ifb-content\"><div class=\"uagb-ifb-title-wrap\"><\/div><p class=\"uagb-ifb-desc\">Z vrcholk\u016f se m\u016f\u017eete v\u011bt\u0161inu \u010dasu kochat kr\u00e1sn\u00fdm v\u00fdhledem na okol\u00ed, kter\u00e9mu dominuje kope\u010dek se z\u0159\u00edcenou hradu Star\u00fd Ji\u010d\u00edn.<\/p><\/div><\/div>\n<\/div>\n<\/div><\/div>\n\n\n\n<div class=\"wp-block-uagb-container uagb-block-oxyyubtz alignfull uagb-is-root-container\"><div class=\"uagb-container-inner-blocks-wrap\">\n<div class=\"wp-block-uagb-info-box uagb-block-7z1boae0 uagb-infobox__content-wrap  uagb-infobox-icon-above-title uagb-infobox-image-valign-top\"><div class=\"uagb-ifb-content\"><div class=\"uagb-ifb-title-wrap\"><p class=\"uagb-ifb-title-prefix\">Stay Connected with Us<\/p><h2 class=\"uagb-ifb-title\">Let\\&#8217;s Create Together<\/h2><\/div><p class=\"uagb-ifb-desc\">Connect with us to explore how we can make your vision a reality. Join us in shaping the future.<\/p><\/div><\/div>\n\n\n\n<div class=\"wp-block-uagb-icon-list uagb-block-yqrtuga9\"><div class=\"uagb-icon-list__wrap\">\n<div class=\"wp-block-uagb-icon-list-child uagb-block-lefdvhve\"><a target=\"_self\" aria-label=\"202-555-0188\" rel=\"noopener noreferrer\" href=\"#\"> <\/a><span class=\"uagb-icon-list__source-wrap\"><svg xmlns=\"https:\/\/www.w3.org\/2000\/svg\" viewBox=\"0 0 512 512\"><path d=\"M511.2 387l-23.25 100.8c-3.266 14.25-15.79 24.22-30.46 24.22C205.2 512 0 306.8 0 54.5c0-14.66 9.969-27.2 24.22-30.45l100.8-23.25C139.7-2.602 154.7 5.018 160.8 18.92l46.52 108.5c5.438 12.78 1.77 27.67-8.98 36.45L144.5 207.1c33.98 69.22 90.26 125.5 159.5 159.5l44.08-53.8c8.688-10.78 23.69-14.51 36.47-8.975l108.5 46.51C506.1 357.2 514.6 372.4 511.2 387z\"><\/path><\/svg><\/span><span class=\"uagb-icon-list__label\">202-555-0188<\/span><\/div>\n<\/div><\/div>\n<\/div><\/div>\n\n\n\n<p><\/p>\n","protected":false},"excerpt":{"rendered":"","protected":false},"author":3,"featured_media":0,"parent":0,"menu_order":0,"comment_status":"closed","ping_status":"closed","template":"","meta":{"content-type":"","_uag_custom_page_level_css":"","site-sidebar-layout":"default","site-content-layout":"","ast-site-content-layout":"","site-content-style":"default","site-sidebar-style":"default","ast-global-header-display":"","ast-banner-title-visibility":"","ast-main-header-display":"","ast-hfb-above-header-display":"","ast-hfb-below-header-display":"","ast-hfb-mobile-header-display":"","site-post-title":"disabled","ast-breadcrumbs-content":"","ast-featured-img":"","footer-sml-layout":"","ast-disable-related-posts":"","theme-transparent-header-meta":"","adv-header-id-meta":"","stick-header-meta":"","header-above-stick-meta":"","header-main-stick-meta":"","header-below-stick-meta":"","astra-migrate-meta-layouts":"default","ast-page-background-enabled":"default","ast-page-background-meta":{"desktop":{"background-color":"var(--ast-global-color-4)","background-image":"","background-repeat":"repeat","background-position":"center center","background-size":"auto","background-attachment":"scroll","background-type":"","background-media":"","overlay-type":"","overlay-color":"","overlay-opacity":"","overlay-gradient":""},"tablet":{"background-color":"","background-image":"","background-repeat":"repeat","background-position":"center center","background-size":"auto","background-attachment":"scroll","background-type":"","background-media":"","overlay-type":"","overlay-color":"","overlay-opacity":"","overlay-gradient":""},"mobile":{"background-color":"","background-image":"","background-repeat":"repeat","background-position":"center center","background-size":"auto","background-attachment":"scroll","background-type":"","background-media":"","overlay-type":"","overlay-color":"","overlay-opacity":"","overlay-gradient":""}},"ast-content-background-meta":{"desktop":{"background-color":"var(--ast-global-color-5)","background-image":"","background-repeat":"repeat","background-position":"center center","background-size":"auto","background-attachment":"scroll","background-type":"","background-media":"","overlay-type":"","overlay-color":"","overlay-opacity":"","overlay-gradient":""},"tablet":{"background-color":"var(--ast-global-color-5)","background-image":"","background-repeat":"repeat","background-position":"center center","background-size":"auto","background-attachment":"scroll","background-type":"","background-media":"","overlay-type":"","overlay-color":"","overlay-opacity":"","overlay-gradient":""},"mobile":{"background-color":"var(--ast-global-color-5)","background-image":"","background-repeat":"repeat","background-position":"center center","background-size":"auto","background-attachment":"scroll","background-type":"","background-media":"","overlay-type":"","overlay-color":"","overlay-opacity":"","overlay-gradient":""}},"footnotes":""},"class_list":["post-1188","page","type-page","status-publish","hentry"],"uagb_featured_image_src":{"full":false,"thumbnail":false,"medium":false,"medium_large":false,"large":false,"1536x1536":false,"2048x2048":false},"uagb_author_info":{"display_name":"Michal Kyja\u0148a","author_link":"https:\/\/www.straniknj.cz\/?author=3"},"uagb_comment_info":0,"uagb_excerpt":null,"_links":{"self":[{"href":"https:\/\/www.straniknj.cz\/index.php?rest_route=\/wp\/v2\/pages\/1188","targetHints":{"allow":["GET"]}}],"collection":[{"href":"https:\/\/www.straniknj.cz\/index.php?rest_route=\/wp\/v2\/pages"}],"about":[{"href":"https:\/\/www.straniknj.cz\/index.php?rest_route=\/wp\/v2\/types\/page"}],"author":[{"embeddable":true,"href":"https:\/\/www.straniknj.cz\/index.php?rest_route=\/wp\/v2\/users\/3"}],"replies":[{"embeddable":true,"href":"https:\/\/www.straniknj.cz\/index.php?rest_route=%2Fwp%2Fv2%2Fcomments&post=1188"}],"version-history":[{"count":10,"href":"https:\/\/www.straniknj.cz\/index.php?rest_route=\/wp\/v2\/pages\/1188\/revisions"}],"predecessor-version":[{"id":1230,"href":"https:\/\/www.straniknj.cz\/index.php?rest_route=\/wp\/v2\/pages\/1188\/revisions\/1230"}],"wp:attachment":[{"href":"https:\/\/www.straniknj.cz\/index.php?rest_route=%2Fwp%2Fv2%2Fmedia&parent=1188"}],"curies":[{"name":"wp","href":"https:\/\/api.w.org\/{rel}","templated":true}]}}