{"id":1231,"date":"2025-01-16T16:29:06","date_gmt":"2025-01-16T15:29:06","guid":{"rendered":"http:\/\/www.straniknj.cz\/?page_id=1231"},"modified":"2025-03-10T18:36:43","modified_gmt":"2025-03-10T17:36:43","slug":"osadni-vybor","status":"publish","type":"page","link":"https:\/\/www.straniknj.cz\/?page_id=1231","title":{"rendered":"Osadn\u00ed v\u00fdbor"},"content":{"rendered":"\n<div class=\"wp-block-uagb-container uagb-block-gkzu8amt alignfull uagb-is-root-container\"><div class=\"uagb-container-inner-blocks-wrap\">\n<div class=\"wp-block-uagb-info-box uagb-block-g0zifaax uagb-infobox__content-wrap  uagb-infobox-icon-above-title uagb-infobox-image-valign-top\"><div class=\"uagb-ifb-content\"><div class=\"uagb-ifb-title-wrap\"><h1 class=\"uagb-ifb-title\">Seznamte se s osadn\u00edm v\u00fdborem<\/h1><\/div><p class=\"uagb-ifb-desc\">Jako m\u00edstn\u00ed \u010d\u00e1st m\u011bsta Nov\u00fd Ji\u010d\u00edn nedisponuje Stran\u00edk \u017e\u00e1dn\u00fdm starostou a jemu p\u0159i\u0159azen\u00fdm \u00fa\u0159adem. Legislativn\u00ed funkci v tomto p\u0159\u00edpad\u011b zast\u00e1v\u00e1 osadn\u00ed v\u00fdbor, kter\u00fd p\u0159\u00edmo komunikuje s m\u011bstem.<\/p><\/div><\/div>\n<\/div><\/div>\n\n\n\n<p><\/p>\n\n\n\n<div class=\"wp-block-uagb-advanced-heading uagb-block-bce9c948\"><h2 class=\"uagb-heading-text\">Osadn\u00ed v\u00fdbor 2022-2026<\/h2><div class=\"uagb-separator\"><\/div><\/div>\n\n\n\n<div class=\"wp-block-uagb-container uagb-layout-grid uagb-block-1d0e4481 alignfull uagb-is-root-container\"><div class=\"uagb-container-inner-blocks-wrap\">\n<div class=\"wp-block-group is-layout-constrained wp-block-group-is-layout-constrained\">\n<div class=\"wp-block-uagb-image aligncenter uagb-block-d8dcfe52 wp-block-uagb-image--layout-default wp-block-uagb-image--effect-static wp-block-uagb-image--align-center\"><figure class=\"wp-block-uagb-image__figure\"><img loading=\"lazy\" decoding=\"async\" srcset=\"https:\/\/www.straniknj.cz\/wp-content\/uploads\/2025\/03\/WhatsApp-Image-2025-02-20-at-21.06.09-4-768x1024.jpeg ,https:\/\/www.straniknj.cz\/wp-content\/uploads\/2025\/03\/WhatsApp-Image-2025-02-20-at-21.06.09-4.jpeg 780w, https:\/\/www.straniknj.cz\/wp-content\/uploads\/2025\/03\/WhatsApp-Image-2025-02-20-at-21.06.09-4.jpeg 360w\" sizes=\"auto, (max-width: 480px) 150px\" src=\"https:\/\/www.straniknj.cz\/wp-content\/uploads\/2025\/03\/WhatsApp-Image-2025-02-20-at-21.06.09-4-768x1024.jpeg\" alt=\"\" class=\"uag-image-1395\" width=\"64\" height=\"64\" title=\"WhatsApp Image 2025-02-20 at 21.06.09\" loading=\"lazy\" role=\"img\"\/><\/figure><\/div>\n\n\n\n<div class=\"wp-block-uagb-info-box uagb-block-34c1dfc4 uagb-infobox__content-wrap  uagb-infobox-icon-above-title uagb-infobox-image-valign-top\"><div class=\"uagb-ifb-content\"><div class=\"uagb-ifb-title-wrap\"><p class=\"uagb-ifb-title\">Roman Olbrich<\/p><\/div><p class=\"uagb-ifb-desc\">P\u0159edseda<\/p><\/div><\/div>\n<\/div>\n<\/div><\/div>\n\n\n\n<div class=\"wp-block-uagb-container uagb-layout-flex uagb-block-jnoahjvg alignfull uagb-is-root-container\"><div class=\"uagb-container-inner-blocks-wrap\">\n<div class=\"wp-block-uagb-container uagb-layout-grid uagb-block-sj3nxudf\">\n<div class=\"wp-block-uagb-container uagb-block-udzu4kbs\">\n<div class=\"wp-block-uagb-image aligncenter uagb-block-cluhhmrz wp-block-uagb-image--layout-default wp-block-uagb-image--effect-static wp-block-uagb-image--align-center\"><figure class=\"wp-block-uagb-image__figure\"><img loading=\"lazy\" decoding=\"async\" srcset=\"https:\/\/www.straniknj.cz\/wp-content\/uploads\/2025\/03\/WhatsApp-Image-2025-02-20-at-21.06.09-3-768x1024.jpeg ,https:\/\/www.straniknj.cz\/wp-content\/uploads\/2025\/03\/WhatsApp-Image-2025-02-20-at-21.06.09-3.jpeg 780w, https:\/\/www.straniknj.cz\/wp-content\/uploads\/2025\/03\/WhatsApp-Image-2025-02-20-at-21.06.09-3.jpeg 360w\" sizes=\"auto, (max-width: 480px) 150px\" src=\"https:\/\/www.straniknj.cz\/wp-content\/uploads\/2025\/03\/WhatsApp-Image-2025-02-20-at-21.06.09-3-768x1024.jpeg\" alt=\"\" class=\"uag-image-1393\" width=\"64\" height=\"64\" title=\"WhatsApp Image 2025-02-20 at 21.06.09 (3)\" loading=\"lazy\" role=\"img\"\/><\/figure><\/div>\n\n\n\n<div class=\"wp-block-uagb-info-box uagb-block-cn97zdjh uagb-infobox__content-wrap  uagb-infobox-icon-above-title uagb-infobox-image-valign-top\"><div class=\"uagb-ifb-content\"><div class=\"uagb-ifb-title-wrap\"><p class=\"uagb-ifb-title\">Vladim\u00edr Hru\u0161ka<\/p><\/div><\/div><\/div>\n<\/div>\n\n\n\n<div class=\"wp-block-uagb-container uagb-block-oz0znk6e\">\n<div class=\"wp-block-uagb-image aligncenter uagb-block-o4mofgnd wp-block-uagb-image--layout-default wp-block-uagb-image--effect-static wp-block-uagb-image--align-center\"><figure class=\"wp-block-uagb-image__figure\"><img loading=\"lazy\" decoding=\"async\" srcset=\"https:\/\/websitedemos.net\/wp-content\/uploads\/2023\/09\/team-skip-06.jpg ,https:\/\/websitedemos.net\/wp-content\/uploads\/2023\/09\/team-skip-25.jpg 780w, https:\/\/websitedemos.net\/wp-content\/uploads\/2023\/09\/team-skip-25.jpg 360w\" sizes=\"auto, (max-width: 480px) 150px\" src=\"https:\/\/websitedemos.net\/wp-content\/uploads\/2023\/09\/team-skip-06.jpg\" alt=\"\" class=\"uag-image-77947\" width=\"64\" height=\"64\" title=\"\" loading=\"lazy\" role=\"img\"\/><\/figure><\/div>\n\n\n\n<div class=\"wp-block-uagb-info-box uagb-block-b1eu8rui uagb-infobox__content-wrap  uagb-infobox-icon-above-title uagb-infobox-image-valign-top\"><div class=\"uagb-ifb-content\"><div class=\"uagb-ifb-title-wrap\"><p class=\"uagb-ifb-title\">Josef Indr\u00e1k<\/p><\/div><\/div><\/div>\n<\/div>\n\n\n\n<div class=\"wp-block-uagb-container uagb-block-0aabstem\">\n<div class=\"wp-block-uagb-image aligncenter uagb-block-mpnqp1vb wp-block-uagb-image--layout-default wp-block-uagb-image--effect-static wp-block-uagb-image--align-center\"><figure class=\"wp-block-uagb-image__figure\"><img loading=\"lazy\" decoding=\"async\" srcset=\"https:\/\/www.straniknj.cz\/wp-content\/uploads\/2025\/03\/WhatsApp-Image-2025-02-20-at-21.06.09-2-768x1024.jpeg ,https:\/\/www.straniknj.cz\/wp-content\/uploads\/2025\/03\/WhatsApp-Image-2025-02-20-at-21.06.09-2.jpeg 780w, https:\/\/www.straniknj.cz\/wp-content\/uploads\/2025\/03\/WhatsApp-Image-2025-02-20-at-21.06.09-2.jpeg 360w\" sizes=\"auto, (max-width: 480px) 150px\" src=\"https:\/\/www.straniknj.cz\/wp-content\/uploads\/2025\/03\/WhatsApp-Image-2025-02-20-at-21.06.09-2-768x1024.jpeg\" alt=\"\" class=\"uag-image-1392\" width=\"64\" height=\"64\" title=\"WhatsApp Image 2025-02-20 at 21.06.09 (2)\" loading=\"lazy\" role=\"img\"\/><\/figure><\/div>\n\n\n\n<div class=\"wp-block-uagb-info-box uagb-block-o6u7aphn uagb-infobox__content-wrap  uagb-infobox-icon-above-title uagb-infobox-image-valign-top\"><div class=\"uagb-ifb-content\"><div class=\"uagb-ifb-title-wrap\"><p class=\"uagb-ifb-title\">Roman Indr\u00e1k<\/p><\/div><\/div><\/div>\n<\/div>\n\n\n\n<div class=\"wp-block-uagb-container uagb-block-uzij5g36\">\n<div class=\"wp-block-uagb-image aligncenter uagb-block-ffompqh1 wp-block-uagb-image--layout-default wp-block-uagb-image--effect-static wp-block-uagb-image--align-center\"><figure class=\"wp-block-uagb-image__figure\"><img loading=\"lazy\" decoding=\"async\" srcset=\"https:\/\/websitedemos.net\/wp-content\/uploads\/2023\/09\/team-skip-15.jpg ,https:\/\/websitedemos.net\/wp-content\/uploads\/2023\/09\/team-skip-25.jpg 780w, https:\/\/websitedemos.net\/wp-content\/uploads\/2023\/09\/team-skip-25.jpg 360w\" sizes=\"auto, (max-width: 480px) 150px\" src=\"https:\/\/websitedemos.net\/wp-content\/uploads\/2023\/09\/team-skip-15.jpg\" alt=\"\" class=\"uag-image-77971\" width=\"64\" height=\"64\" title=\"\" loading=\"lazy\" role=\"img\"\/><\/figure><\/div>\n\n\n\n<div class=\"wp-block-uagb-info-box uagb-block-4kfuh6ry uagb-infobox__content-wrap  uagb-infobox-icon-above-title uagb-infobox-image-valign-top\"><div class=\"uagb-ifb-content\"><div class=\"uagb-ifb-title-wrap\"><p class=\"uagb-ifb-title\">Bc. Radim Koci\u00e1n<\/p><\/div><\/div><\/div>\n<\/div>\n\n\n\n<div class=\"wp-block-uagb-container uagb-block-z5dogee0\">\n<div class=\"wp-block-uagb-image aligncenter uagb-block-c8exc8u4 wp-block-uagb-image--layout-default wp-block-uagb-image--effect-static wp-block-uagb-image--align-center\"><figure class=\"wp-block-uagb-image__figure\"><img loading=\"lazy\" decoding=\"async\" srcset=\"https:\/\/www.straniknj.cz\/wp-content\/uploads\/2025\/01\/ff74c8bc-adad-4a0c-b78e-e77178f1990b-999x1024.jpeg ,https:\/\/www.straniknj.cz\/wp-content\/uploads\/2025\/01\/ff74c8bc-adad-4a0c-b78e-e77178f1990b.jpeg 780w, https:\/\/www.straniknj.cz\/wp-content\/uploads\/2025\/01\/ff74c8bc-adad-4a0c-b78e-e77178f1990b.jpeg 360w\" sizes=\"auto, (max-width: 480px) 150px\" src=\"https:\/\/www.straniknj.cz\/wp-content\/uploads\/2025\/01\/ff74c8bc-adad-4a0c-b78e-e77178f1990b-999x1024.jpeg\" alt=\"\" class=\"uag-image-1319\" width=\"64\" height=\"64\" title=\"ff74c8bc-adad-4a0c-b78e-e77178f1990b\" loading=\"lazy\" role=\"img\"\/><\/figure><\/div>\n\n\n\n<div class=\"wp-block-uagb-info-box uagb-block-r8ysfcw9 uagb-infobox__content-wrap  uagb-infobox-icon-above-title uagb-infobox-image-valign-top\"><div class=\"uagb-ifb-content\"><div class=\"uagb-ifb-title-wrap\"><p class=\"uagb-ifb-title\">Dana Kyja\u0148ov\u00e1<\/p><\/div><\/div><\/div>\n<\/div>\n\n\n\n<div class=\"wp-block-uagb-container uagb-block-jleibd4d\">\n<div class=\"wp-block-uagb-image aligncenter uagb-block-g37hzbup wp-block-uagb-image--layout-default wp-block-uagb-image--effect-static wp-block-uagb-image--align-center\"><figure class=\"wp-block-uagb-image__figure\"><img loading=\"lazy\" decoding=\"async\" srcset=\"https:\/\/websitedemos.net\/wp-content\/uploads\/2023\/09\/team-skip-22.jpg ,https:\/\/websitedemos.net\/wp-content\/uploads\/2023\/09\/team-skip-25.jpg 780w, https:\/\/websitedemos.net\/wp-content\/uploads\/2023\/09\/team-skip-25.jpg 360w\" sizes=\"auto, (max-width: 480px) 150px\" src=\"https:\/\/websitedemos.net\/wp-content\/uploads\/2023\/09\/team-skip-22.jpg\" alt=\"\" class=\"uag-image-78002\" width=\"64\" height=\"64\" title=\"\" loading=\"lazy\" role=\"img\"\/><\/figure><\/div>\n\n\n\n<div class=\"wp-block-uagb-info-box uagb-block-toyi8aqj uagb-infobox__content-wrap  uagb-infobox-icon-above-title uagb-infobox-image-valign-top\"><div class=\"uagb-ifb-content\"><div class=\"uagb-ifb-title-wrap\"><p class=\"uagb-ifb-title\">Dalibor Miku\u0161<\/p><\/div><\/div><\/div>\n<\/div>\n\n\n\n<div class=\"wp-block-uagb-container uagb-block-cppjqvhk\">\n<div class=\"wp-block-uagb-image aligncenter uagb-block-m6i5orm0 wp-block-uagb-image--layout-default wp-block-uagb-image--effect-static wp-block-uagb-image--align-center\"><figure class=\"wp-block-uagb-image__figure\"><img loading=\"lazy\" decoding=\"async\" srcset=\"https:\/\/www.straniknj.cz\/wp-content\/uploads\/2025\/03\/WhatsApp-Image-2025-02-20-at-21.06.09-1-768x1024.jpeg ,https:\/\/www.straniknj.cz\/wp-content\/uploads\/2025\/03\/WhatsApp-Image-2025-02-20-at-21.06.09-1.jpeg 780w, https:\/\/www.straniknj.cz\/wp-content\/uploads\/2025\/03\/WhatsApp-Image-2025-02-20-at-21.06.09-1.jpeg 360w\" sizes=\"auto, (max-width: 480px) 150px\" src=\"https:\/\/www.straniknj.cz\/wp-content\/uploads\/2025\/03\/WhatsApp-Image-2025-02-20-at-21.06.09-1-768x1024.jpeg\" alt=\"\" class=\"uag-image-1391\" width=\"64\" height=\"64\" title=\"WhatsApp Image 2025-02-20 at 21.06.09 (1)\" loading=\"lazy\" role=\"img\"\/><\/figure><\/div>\n\n\n\n<div class=\"wp-block-uagb-info-box uagb-block-b7wpmrsk uagb-infobox__content-wrap  uagb-infobox-icon-above-title uagb-infobox-image-valign-top\"><div class=\"uagb-ifb-content\"><div class=\"uagb-ifb-title-wrap\"><p class=\"uagb-ifb-title\">Petr Podzemn\u00fd, DiS.<\/p><\/div><\/div><\/div>\n<\/div>\n\n\n\n<div class=\"wp-block-uagb-container uagb-block-8d472a9f\">\n<div class=\"wp-block-uagb-image aligncenter uagb-block-978de7f7 wp-block-uagb-image--layout-default wp-block-uagb-image--effect-static wp-block-uagb-image--align-center\"><figure class=\"wp-block-uagb-image__figure\"><img loading=\"lazy\" decoding=\"async\" srcset=\"https:\/\/www.straniknj.cz\/wp-content\/uploads\/2025\/01\/0a8bbe70-0fcf-4af3-aee4-f529a52c94a5-768x1024.jpeg ,https:\/\/www.straniknj.cz\/wp-content\/uploads\/2025\/01\/0a8bbe70-0fcf-4af3-aee4-f529a52c94a5.jpeg 780w, https:\/\/www.straniknj.cz\/wp-content\/uploads\/2025\/01\/0a8bbe70-0fcf-4af3-aee4-f529a52c94a5.jpeg 360w\" sizes=\"auto, (max-width: 480px) 150px\" src=\"https:\/\/www.straniknj.cz\/wp-content\/uploads\/2025\/01\/0a8bbe70-0fcf-4af3-aee4-f529a52c94a5-768x1024.jpeg\" alt=\"\" class=\"uag-image-1320\" width=\"64\" height=\"64\" title=\"0a8bbe70-0fcf-4af3-aee4-f529a52c94a5\" loading=\"lazy\" role=\"img\"\/><\/figure><\/div>\n\n\n\n<div class=\"wp-block-uagb-info-box uagb-block-e9982405 uagb-infobox__content-wrap  uagb-infobox-icon-above-title uagb-infobox-image-valign-top\"><div class=\"uagb-ifb-content\"><div class=\"uagb-ifb-title-wrap\"><p class=\"uagb-ifb-title\">Ester Palack\u00e1<\/p><\/div><\/div><\/div>\n<\/div>\n\n\n\n<div class=\"wp-block-uagb-container uagb-block-ee6413ce\">\n<div class=\"wp-block-uagb-image aligncenter uagb-block-e7aed2f5 wp-block-uagb-image--layout-default wp-block-uagb-image--effect-static wp-block-uagb-image--align-center\"><figure class=\"wp-block-uagb-image__figure\"><img loading=\"lazy\" decoding=\"async\" srcset=\"https:\/\/websitedemos.net\/wp-content\/uploads\/2023\/09\/team-skip-15.jpg ,https:\/\/websitedemos.net\/wp-content\/uploads\/2023\/09\/team-skip-25.jpg 780w, https:\/\/websitedemos.net\/wp-content\/uploads\/2023\/09\/team-skip-25.jpg 360w\" sizes=\"auto, (max-width: 480px) 150px\" src=\"https:\/\/websitedemos.net\/wp-content\/uploads\/2023\/09\/team-skip-15.jpg\" alt=\"\" class=\"uag-image-77971\" width=\"64\" height=\"64\" title=\"\" loading=\"lazy\" role=\"img\"\/><\/figure><\/div>\n\n\n\n<div class=\"wp-block-uagb-info-box uagb-block-5d83111f uagb-infobox__content-wrap  uagb-infobox-icon-above-title uagb-infobox-image-valign-top\"><div class=\"uagb-ifb-content\"><div class=\"uagb-ifb-title-wrap\"><p class=\"uagb-ifb-title\">Petra Pavelkov\u00e1<\/p><\/div><\/div><\/div>\n<\/div>\n\n\n\n<div class=\"wp-block-uagb-container uagb-layout-flex uagb-block-43c3cf4d\">\n<div class=\"wp-block-uagb-image aligncenter uagb-block-94f4e039 wp-block-uagb-image--layout-default wp-block-uagb-image--effect-static wp-block-uagb-image--align-center\"><figure class=\"wp-block-uagb-image__figure\"><img loading=\"lazy\" decoding=\"async\" srcset=\"https:\/\/www.straniknj.cz\/wp-content\/uploads\/2025\/03\/WhatsApp-Image-2025-02-20-at-21.06.09-768x1024.jpeg ,https:\/\/www.straniknj.cz\/wp-content\/uploads\/2025\/03\/WhatsApp-Image-2025-02-20-at-21.06.09.jpeg 780w, https:\/\/www.straniknj.cz\/wp-content\/uploads\/2025\/03\/WhatsApp-Image-2025-02-20-at-21.06.09.jpeg 360w\" sizes=\"auto, (max-width: 480px) 150px\" src=\"https:\/\/www.straniknj.cz\/wp-content\/uploads\/2025\/03\/WhatsApp-Image-2025-02-20-at-21.06.09-768x1024.jpeg\" alt=\"\" class=\"uag-image-1394\" width=\"64\" height=\"64\" title=\"WhatsApp Image 2025-02-20 at 21.06.09\" loading=\"lazy\" role=\"img\"\/><\/figure><\/div>\n\n\n\n<div class=\"wp-block-uagb-info-box uagb-block-f67d5d99 uagb-infobox__content-wrap  uagb-infobox-icon-above-title uagb-infobox-image-valign-top\"><div class=\"uagb-ifb-content\"><div class=\"uagb-ifb-title-wrap\"><p class=\"uagb-ifb-title\">Dana Pavelkov\u00e1<\/p><\/div><\/div><\/div>\n<\/div>\n<\/div>\n<\/div><\/div>\n\n\n\n<div class=\"wp-block-uagb-container uagb-layout-grid uagb-block-lzsxni9m alignfull uagb-is-root-container\"><div class=\"uagb-container-inner-blocks-wrap\">\n<div class=\"wp-block-uagb-info-box uagb-block-g1uy5zoq uagb-infobox__content-wrap  uagb-infobox-icon-above-title uagb-infobox-image-valign-top wp-block-uagb-info-box--has-margin\"><div class=\"uagb-infobox-margin-wrapper\"><div class=\"uagb-ifb-content\"><div class=\"uagb-ifb-icon-wrap\"><svg xmlns=\"https:\/\/www.w3.org\/2000\/svg\" viewBox=\"0 0 448 512\"><path d=\"M448 336v-288C448 21.49 426.5 0 400 0H352v191.1c0 13.41-15.52 20.88-25.1 12.49L272 160L217.1 204.5C207.5 212.8 192 205.4 192 191.1V0H96C42.98 0 0 42.98 0 96v320c0 53.02 42.98 96 96 96h320c17.67 0 32-14.33 32-32c0-11.72-6.607-21.52-16-27.1v-81.36C441.8 362.8 448 350.2 448 336zM384 448H96c-17.67 0-32-14.33-32-32c0-17.67 14.33-32 32-32h288V448z\"><\/path><\/svg><\/div><div class=\"uagb-ifb-title-wrap\"><h2 class=\"uagb-ifb-title\">Z\u00e1pisy ze sch\u016fz\u00ed osadn\u00edho v\u00fdboru<\/h2><\/div><p class=\"uagb-ifb-desc\">Dle na\u0159\u00edzen\u00ed m\u011bsta Nov\u00fd Ji\u010d\u00edn budou v\u0161echny z\u00e1pisy ze sch\u016fz\u00ed zve\u0159ej\u0148ov\u00e1ny na str\u00e1nk\u00e1ch m\u011bsta.<\/p><\/div><\/div><\/div>\n\n\n\n<div class=\"wp-block-uagb-buttons uagb-buttons__outer-wrap uagb-btn__large-btn uagb-btn-tablet__default-btn uagb-btn-mobile__default-btn uagb-block-mfxp8qyw\"><div class=\"uagb-buttons__wrap uagb-buttons-layout-wrap \">\n<div data-aos= \"zoom-in\" data-aos-duration=\"400\" data-aos-delay=\"0\" data-aos-easing=\"ease\" data-aos-once=\"true\" class=\"wp-block-uagb-buttons-child uagb-buttons__outer-wrap uagb-block-iqa1oim0 wp-block-button\"><div class=\"uagb-button__wrapper\"><a class=\"uagb-buttons-repeater wp-block-button__link\" aria-label=\"\" href=\"https:\/\/www.novyjicin.cz\/samosprava\/zastupitelstvo-mesta\/vybory-zm\/\" rel=\"follow noopener\" target=\"_blank\" role=\"button\"><div class=\"uagb-button__link\">Z\u00e1pisy sch\u016fz\u00ed<\/div><\/a><\/div><\/div>\n<\/div><\/div>\n\n\n\n<div class=\"wp-block-uagb-container uagb-block-233c910e\">\n<div class=\"wp-block-uagb-advanced-heading uagb-block-a44d6fe3\"><p class=\"uagb-heading-text\">Z\u00e1pisy zas\u00edlan\u00e9 Osadn\u00edm v\u00fdborem na M\u011b\u00da Nov\u00fd Ji\u010d\u00edn maj\u00ed m\u011bs\u00ed\u010dn\u00ed periodicitu, ale na datum jejich zve\u0159ejn\u011bn\u00ed nem\u00e1me \u017e\u00e1dn\u00fd vliv.<br><\/p><\/div>\n\n\n\n<p class=\"has-text-align-center\"><strong>D\u011bkujeme za pochopen\u00ed<\/strong><\/p>\n<\/div>\n<\/div><\/div>\n\n\n\n<p style=\"border-style:none;border-width:0px\"><\/p>\n\n\n\n<p><\/p>\n","protected":false},"excerpt":{"rendered":"<p>Osadn\u00ed v\u00fdbor 2022-2026 Z\u00e1pisy zas\u00edlan\u00e9 Osadn\u00edm v\u00fdborem na M\u011b\u00da Nov\u00fd Ji\u010d\u00edn maj\u00ed m\u011bs\u00ed\u010dn\u00ed periodicitu, ale na datum jejich zve\u0159ejn\u011bn\u00ed nem\u00e1me \u017e\u00e1dn\u00fd vliv. D\u011bkujeme za pochopen\u00ed<\/p>\n","protected":false},"author":3,"featured_media":0,"parent":0,"menu_order":0,"comment_status":"closed","ping_status":"closed","template":"","meta":{"content-type":"","_uag_custom_page_level_css":"","site-sidebar-layout":"default","site-content-layout":"","ast-site-content-layout":"","site-content-style":"default","site-sidebar-style":"default","ast-global-header-display":"","ast-banner-title-visibility":"","ast-main-header-display":"","ast-hfb-above-header-display":"","ast-hfb-below-header-display":"","ast-hfb-mobile-header-display":"","site-post-title":"disabled","ast-breadcrumbs-content":"","ast-featured-img":"","footer-sml-layout":"","ast-disable-related-posts":"","theme-transparent-header-meta":"","adv-header-id-meta":"","stick-header-meta":"","header-above-stick-meta":"","header-main-stick-meta":"","header-below-stick-meta":"","astra-migrate-meta-layouts":"default","ast-page-background-enabled":"default","ast-page-background-meta":{"desktop":{"background-color":"var(--ast-global-color-4)","background-image":"","background-repeat":"repeat","background-position":"center center","background-size":"auto","background-attachment":"scroll","background-type":"","background-media":"","overlay-type":"","overlay-color":"","overlay-opacity":"","overlay-gradient":""},"tablet":{"background-color":"","background-image":"","background-repeat":"repeat","background-position":"center center","background-size":"auto","background-attachment":"scroll","background-type":"","background-media":"","overlay-type":"","overlay-color":"","overlay-opacity":"","overlay-gradient":""},"mobile":{"background-color":"","background-image":"","background-repeat":"repeat","background-position":"center center","background-size":"auto","background-attachment":"scroll","background-type":"","background-media":"","overlay-type":"","overlay-color":"","overlay-opacity":"","overlay-gradient":""}},"ast-content-background-meta":{"desktop":{"background-color":"var(--ast-global-color-5)","background-image":"","background-repeat":"repeat","background-position":"center center","background-size":"auto","background-attachment":"scroll","background-type":"","background-media":"","overlay-type":"","overlay-color":"","overlay-opacity":"","overlay-gradient":""},"tablet":{"background-color":"var(--ast-global-color-5)","background-image":"","background-repeat":"repeat","background-position":"center center","background-size":"auto","background-attachment":"scroll","background-type":"","background-media":"","overlay-type":"","overlay-color":"","overlay-opacity":"","overlay-gradient":""},"mobile":{"background-color":"var(--ast-global-color-5)","background-image":"","background-repeat":"repeat","background-position":"center center","background-size":"auto","background-attachment":"scroll","background-type":"","background-media":"","overlay-type":"","overlay-color":"","overlay-opacity":"","overlay-gradient":""}},"footnotes":""},"class_list":["post-1231","page","type-page","status-publish","hentry"],"uagb_featured_image_src":{"full":false,"thumbnail":false,"medium":false,"medium_large":false,"large":false,"1536x1536":false,"2048x2048":false},"uagb_author_info":{"display_name":"Michal Kyja\u0148a","author_link":"https:\/\/www.straniknj.cz\/?author=3"},"uagb_comment_info":0,"uagb_excerpt":"Osadn\u00ed v\u00fdbor 2022-2026 Z\u00e1pisy zas\u00edlan\u00e9 Osadn\u00edm v\u00fdborem na M\u011b\u00da Nov\u00fd Ji\u010d\u00edn maj\u00ed m\u011bs\u00ed\u010dn\u00ed periodicitu, ale na datum jejich zve\u0159ejn\u011bn\u00ed nem\u00e1me \u017e\u00e1dn\u00fd vliv. D\u011bkujeme za pochopen\u00ed","_links":{"self":[{"href":"https:\/\/www.straniknj.cz\/index.php?rest_route=\/wp\/v2\/pages\/1231","targetHints":{"allow":["GET"]}}],"collection":[{"href":"https:\/\/www.straniknj.cz\/index.php?rest_route=\/wp\/v2\/pages"}],"about":[{"href":"https:\/\/www.straniknj.cz\/index.php?rest_route=\/wp\/v2\/types\/page"}],"author":[{"embeddable":true,"href":"https:\/\/www.straniknj.cz\/index.php?rest_route=\/wp\/v2\/users\/3"}],"replies":[{"embeddable":true,"href":"https:\/\/www.straniknj.cz\/index.php?rest_route=%2Fwp%2Fv2%2Fcomments&post=1231"}],"version-history":[{"count":9,"href":"https:\/\/www.straniknj.cz\/index.php?rest_route=\/wp\/v2\/pages\/1231\/revisions"}],"predecessor-version":[{"id":1397,"href":"https:\/\/www.straniknj.cz\/index.php?rest_route=\/wp\/v2\/pages\/1231\/revisions\/1397"}],"wp:attachment":[{"href":"https:\/\/www.straniknj.cz\/index.php?rest_route=%2Fwp%2Fv2%2Fmedia&parent=1231"}],"curies":[{"name":"wp","href":"https:\/\/api.w.org\/{rel}","templated":true}]}}